{"id":1001,"date":"2018-06-18T16:57:29","date_gmt":"2018-06-18T14:57:29","guid":{"rendered":"https:\/\/naktalk.de\/nak-forschungsbericht\/?page_id=1001"},"modified":"2018-06-18T22:26:09","modified_gmt":"2018-06-18T20:26:09","slug":"zeugnisse-amtsblatt","status":"publish","type":"page","link":"https:\/\/naktalk.de\/nak-forschungsbericht\/zeugnisse-amtsblatt\/","title":{"rendered":"Zeugnisse aus dem \u00bbAmtsblatt\u00ab"},"content":{"rendered":"<div class=\"strong-view strong-view-id-2 default wpmtst-default strong-pager\" data-count=13 data-pager-var=strong_pager_id_2 data-state=idle><div class=\"strong-content strong-paginated strong-columns columns-2\"><div class=\"wpmtst-testimonial testimonial post-1186\"><div class=\"wpmtst-testimonial-inner testimonial-inner\"><h3 class=\"wpmtst-testimonial-heading testimonial-heading\">&#8222;Ohne Glauben ist\u00b4s unm\u00f6glich, Gott zu gefallen&#8220;<\/h3><div    class=\"wpmtst-testimonial-content testimonial-content\"><div class=\"maybe-clear\"><\/div><p>Die Kirche Christi ist auf den Glaubensfelsen des Stammapostels Petrus erbaut und wird durch den Felsenglauben des Stammapostels Bischoff nach der ihm gewordenen Verhei\u00dfung in seiner Lebenszeit vollendet. Wie beim Auszug des Volkes Israel Mose seinen Glaubensstab \u00fcber das Rote Meer ausreckte und dieses sich teilte, so streckt kurz vor Erreichung des Zieles heute unser Stammapostel seinen Glaubensstab \u00fcber das ungest\u00fcme Meer der Geister aus, und dieses teilt sich, und die Getreuen erreichen sicher das Ziel. [&#8230;] Wer die Botschaft des Br\u00e4utigams, die Verk\u00fcndigung des Stammapostels, heute ablehnt, veliert damit den Vater, den Sohn und den Heiligen Geist, denn er glaubt Gott nicht.<\/p><\/div><div class=\"wpmtst-testimonial-field testimonial-field testimonial-name\">Herausgeber: J. G. Bischoff<\/div><div class=\"wpmtst-testimonial-field testimonial-field testimonial-company\">Amtsblatt, 15. November 1955, Seite 175<\/div><div class=\"clear\"><\/div><\/div><\/div><div class=\"wpmtst-testimonial testimonial post-1185\"><div class=\"wpmtst-testimonial-inner testimonial-inner\"><h3 class=\"wpmtst-testimonial-heading testimonial-heading\">Aus einem \u00c4mterdienst<\/h3><div    class=\"wpmtst-testimonial-content testimonial-content\"><div class=\"maybe-clear\"><\/div><p><strong>Jeder Diener im Hause Gottes hat sein Amt vom Apostel empfangen und ist dadurch an den Apostel gebunden.<\/strong><\/p><p>Wenn wir diese Dinge von ihrem Ursprung aus ansehen, werden sie uns sofort klar und verst\u00e4ndlich. Wir finden in der Heiligen Schrift, da\u00df nur zwei Aemter in der Kirche Christi vom Herrn selbst geschaffen worden sind. Es ist einmal das\u00a0 A p o s t e l a m t\u00a0 (Lukas 6, 13) und zum anderen, aus dem Kreis der Apostel hervorgehend, aber durch den Herrn selbst mit besonderem Auftrag ausgestattet, das\u00a0 S t a m m a p o s t e l a m t. [&#8230;] Somit ist der Stammapostel Hand und Mund des Herrn. Durch dieses Amt redet und handelt der Herr, und das hat zur Folge, da\u00df der Stammapostel auch die Apostel in ihr Amt einsetzt und mit dem g\u00f6ttlichen Verm\u00f6gen ausstattet.<\/p><\/div><div class=\"wpmtst-testimonial-field testimonial-field testimonial-name\">Herausgeber: J. G. Bischoff<\/div><div class=\"wpmtst-testimonial-field testimonial-field testimonial-company\">Amtsblatt, 15. M\u00e4rz 1956, Seite 47<\/div><div class=\"clear\"><\/div><\/div><\/div><div class=\"wpmtst-testimonial testimonial post-1184\"><div class=\"wpmtst-testimonial-inner testimonial-inner\"><h3 class=\"wpmtst-testimonial-heading testimonial-heading\">&#8222;Ich bin bei euch alle Tage&#8220;<\/h3><div    class=\"wpmtst-testimonial-content testimonial-content\"><div class=\"maybe-clear\"><\/div><p>Als sich Jesus im Garten Gethsemane f\u00fcr die letzte Wegstrecke vorbereitete, sandte ihm der himmlische Vater einen Engel der ihn st\u00e4rkte. Wir wissen nicht, welche Botschaft der Engel \u00fcberbrachte. Aber wir wissen, da\u00df Jesus danach ohne Z\u00f6gern und Furcht seinen Auftrag erf\u00fcllte. Aehnliches geschah in unseren Tagen, da Gottes Volk, gef\u00fchrt durch den Stammapostel, sich zur letzten Wegstrecke aufmachte. Hier war es kein Engel, sondern Jesus selbst, der seinen treusten Knecht und mit ihm alle getreuen Gotteskinder mit der herrlichen Botschaft st\u00e4rkte: &#8222;Ich komme zu deiner Lebenszeit!&#8220;<\/p><\/div><div class=\"wpmtst-testimonial-field testimonial-field testimonial-name\">Herausgeber: J. G. Bischoff<\/div><div class=\"wpmtst-testimonial-field testimonial-field testimonial-company\">Amtsblatt, 15. M\u00e4rz 1956, Seite 44<\/div><div class=\"clear\"><\/div><\/div><\/div><div class=\"wpmtst-testimonial testimonial post-1183\"><div class=\"wpmtst-testimonial-inner testimonial-inner\"><h3 class=\"wpmtst-testimonial-heading testimonial-heading\">Bewahre mich, Gott; denn ich traue auf dich!<\/h3><div    class=\"wpmtst-testimonial-content testimonial-content\"><div class=\"maybe-clear\"><\/div><p>So wie Gott einst in Christo war, so ist Christus heute im Stammapostel und in den Aposteln, um die Welt mit Gott zu vers\u00f6hnen. Petrus, dem ersten Stammapostel, ist gesagt worden: &#8222;Und ich will dir des Himmelreichs Schl\u00fcssel geben: alles, was du auf Erden binden wirst, soll auch im Himmel gebunden sein, und alles, was du auf Erden l\u00f6sen wirst, soll auch im Himmel los sein&#8220; (Matth\u00e4us 16, 19).<\/p><p>Es ist eine von Gott dem Vater und seinem Sohne selbst best\u00e4tigte Tatsache \u2013 nicht nur unser Glaube \u2013, da\u00df der auch den Sohn Gottes besitzt, der den Stammapostel hat.<\/p><\/div><div class=\"wpmtst-testimonial-field testimonial-field testimonial-name\">Herausgeber: J. G. Bischoff<\/div><div class=\"wpmtst-testimonial-field testimonial-field testimonial-company\">Amtsblatt, 15. M\u00e4rz 1956, Seite 45<\/div><div class=\"clear\"><\/div><\/div><\/div><div class=\"wpmtst-testimonial testimonial post-1182\"><div class=\"wpmtst-testimonial-inner testimonial-inner\"><h3 class=\"wpmtst-testimonial-heading testimonial-heading\">Bereit sein, das Wunder des Glaubens!<\/h3><div    class=\"wpmtst-testimonial-content testimonial-content\"><div class=\"maybe-clear\"><\/div><p>Die Wiederkunft Jesu ist kein Ereignis einer fernen Zukunft, sondern steht im Mittelpunkt der Zeit, die wir durchleben.<br \/>\nDas Volk des Herrn hat nach der ihm gegebenen g\u00f6ttlichen Offenbarung\u00a0 t \u00e4 g l i c h\u00a0 mit dem Eintritt dieses gr\u00f6\u00dften und in der gesamten Menschheitsgeschichte einzigartigen Ereignisses zu rechnen!<\/p><p>Wie aber darf ein an sich &#8222;armer und elender&#8220; Mensch sagen: &#8222;Ich bin bereit?&#8220; <strong>Dies ist nur m\u00f6glich durch das Wunder des Glaubens an die g\u00f6ttliche Botschaft des Stammapostels: In dem Augenblick, wo die Seele von dem Glauben an die g\u00f6ttliche Offenbarung von der Wiederkunft Jesu zur Lebenszeit unseres Stammapostels ergriffen und durchdrungen ist und dieses Glaubens lebt, ist sie in den Augen des Herrn bereit!<\/strong><\/p><p>Am Tag des Herrn werden nicht die Werke, sondern der Glaube gewogen! (&#8222;Wertvolle Worte aus dem Munde unseres Stammapostels&#8220;, W\u00e4chterstimme Nr. 4\/1954). Das ist eine unumst\u00f6\u00dfliche Wahrheit!<\/p><\/div><div class=\"wpmtst-testimonial-field testimonial-field testimonial-name\">Herausgeber: J. G. Bischoff<\/div><div class=\"wpmtst-testimonial-field testimonial-field testimonial-company\">Amtsblatt, 1. M\u00e4rz 1956, Seite 36<\/div><div class=\"clear\"><\/div><\/div><\/div><div class=\"wpmtst-testimonial testimonial post-1181\"><div class=\"wpmtst-testimonial-inner testimonial-inner\"><h3 class=\"wpmtst-testimonial-heading testimonial-heading\">Gl\u00e4ubig und treu<\/h3><div    class=\"wpmtst-testimonial-content testimonial-content\"><div class=\"maybe-clear\"><\/div><p>Wer dem Stammapostel im Glauben nachfolgt, wird mit ihm am Tag des Herrn an der Ersten Auferstehung teilhaben; wer sich von ihn wendet, wird zu Fall kommen. Heute k\u00f6nnen alle noch unter die Gnade kommen, die im Kampf der Geister liegen. Denn der Herr will nicht den Tod des S\u00fcnders, sondern da\u00df er sich bekehre und lebe. Noch ist der Gnadenstuhl aufgerichtet, aber das Kommen des Herrn steht vor der T\u00fcr!<\/p><\/div><div class=\"wpmtst-testimonial-field testimonial-field testimonial-name\">Herausgeber: J. G. Bischoff<\/div><div class=\"wpmtst-testimonial-field testimonial-field testimonial-company\">Amtsblatt, 1. Februar 1956, Seite 23<\/div><div class=\"clear\"><\/div><\/div><\/div><div class=\"wpmtst-testimonial testimonial post-1180\"><div class=\"wpmtst-testimonial-inner testimonial-inner\"><h3 class=\"wpmtst-testimonial-heading testimonial-heading\">Mitten unter uns<\/h3><div    class=\"wpmtst-testimonial-content testimonial-content\"><div class=\"maybe-clear\"><\/div><p>In unserer Zeit verk\u00fcndet der Stammapostel, da\u00df er die Stimme des Vaters geh\u00f6rt hat, die dem Sohn sagte: &#8222;Nun kannst du dir deine Braut holen; sie hat die Pr\u00fcfung bestanden!&#8220; Somit kann heute ebenfalls verk\u00fcndet werden: &#8222;Die Braut ist mitten unter euch getreten!&#8220; Wenn der Stammapostel gefragt w\u00fcrde: &#8222;Sage doch einmal, wer die Brautseelen sind!&#8220;, dann w\u00fcrde er sinngem\u00e4\u00df sprechen wie Johannes: &#8222;Ich kenne die einzelnen Br\u00fcder und Schwestern nicht, die zur Braut Christi erkoren sind.&#8220; Wie aber Johannes vor dem Offenbarwerden des Messias diesen als das Lamm kennzeichnete, das der Welt S\u00fcnde tr\u00e4gt, so kennzeichnet unser Stammapostel die Braut Christi vor ihrem Offenbarwerden als das k\u00f6nigliche Priestertum, als die Ueberwinder, als die Erstlinge des Lammes.<\/p><\/div><div class=\"wpmtst-testimonial-field testimonial-field testimonial-name\">Herausgeber: J. G. Bischoff<\/div><div class=\"wpmtst-testimonial-field testimonial-field testimonial-company\">Amtsblatt, 1. Januar 1956, Seite 4<\/div><div class=\"clear\"><\/div><\/div><\/div><div class=\"wpmtst-testimonial testimonial post-1038\"><div class=\"wpmtst-testimonial-inner testimonial-inner\"><h3 class=\"wpmtst-testimonial-heading testimonial-heading\">Belehrungsstunde f\u00fcr Eltern<\/h3><div    class=\"wpmtst-testimonial-content testimonial-content\"><div class=\"maybe-clear\"><\/div><p>Das beste Mittel bei der Erziehung unserer Kinder ist die Botschaft unseres Stammapostels. Unsere Kinder wollen am Tag des Herrn dabei sein.<\/p><\/div><div class=\"wpmtst-testimonial-field testimonial-field testimonial-name\">Herausgeber: J. G. Bischoff<\/div><div class=\"wpmtst-testimonial-field testimonial-field testimonial-company\">Amtsblatt, 15. Mai 1955, Seite 80<\/div><div class=\"clear\"><\/div><\/div><\/div><div class=\"wpmtst-testimonial testimonial post-1037\"><div class=\"wpmtst-testimonial-inner testimonial-inner\"><h3 class=\"wpmtst-testimonial-heading testimonial-heading\">Der letzte Kampf<\/h3><div    class=\"wpmtst-testimonial-content testimonial-content\"><div class=\"maybe-clear\"><\/div><p>Die Gotteskinder haben durch die Taufe mit Wasser und dem Heiligen Geist den Erstlingssegen empfangen. [&#8230;] In dieser Zeit, in nachtumw\u00f6lkten Stunden, in denen der Weg auch durchs Wasser der Tr\u00fcbsal f\u00fchrt, ringen sie mit dem Mann Gottes um den h\u00f6chsten Segen des Herrn, um die Vollendung ihrer Seele. Die gro\u00dfe Botschaft ist es, die ein solches Ringen ausgel\u00f6st hat. Etliche haben diesen Kampf abgebrochen und haben sich von dem Mann Gottes abgewendet. Die Erstlinge aber ringen unabl\u00e4ssig um den Segen aus der Hand des Gottgesandten bis an die Morgenr\u00f6te der Ersten Auferstehung und rufen: &#8222;Stammapostel, ich lasse dich nicht, du segnest mich denn!&#8220;<\/p><\/div><div class=\"wpmtst-testimonial-field testimonial-field testimonial-name\">Herausgeber: J. G. Bischoff<\/div><div class=\"wpmtst-testimonial-field testimonial-field testimonial-company\">Amtsblatt, 1. Mai 1955, Seite 72<\/div><div class=\"clear\"><\/div><\/div><\/div><div class=\"wpmtst-testimonial testimonial post-1036\"><div class=\"wpmtst-testimonial-inner testimonial-inner\"><h3 class=\"wpmtst-testimonial-heading testimonial-heading\">Hirten nach Gottes Herzen<\/h3><div    class=\"wpmtst-testimonial-content testimonial-content\"><div class=\"maybe-clear\"><\/div><p>Das wichtigste der gegew\u00e4rtigen g\u00f6ttlichen Lehre ist die stete Verk\u00fcndigung der baldigen Erscheinung Jesu und die Botschaft des Stammapostels.<\/p><\/div><div class=\"wpmtst-testimonial-field testimonial-field testimonial-name\">Herausgeber: J. G. Bischoff<\/div><div class=\"wpmtst-testimonial-field testimonial-field testimonial-company\">Amtsblatt, 15. April 1955, Seite 63<\/div><div class=\"clear\"><\/div><\/div><\/div><div class=\"wpmtst-testimonial testimonial post-1035\"><div class=\"wpmtst-testimonial-inner testimonial-inner\"><h3 class=\"wpmtst-testimonial-heading testimonial-heading\">Pr\u00fcfe mich und erfahre, wie ich&#8217;s meine!<\/h3><div    class=\"wpmtst-testimonial-content testimonial-content\"><div class=\"maybe-clear\"><\/div><p>Dann aber kommt etwas, was mir Freude macht: <strong>Ich habe Jesum und seine Apostel lieb und glaube blindlings meinem Stammapostel<\/strong>.<\/p><\/div><div class=\"wpmtst-testimonial-field testimonial-field testimonial-name\">Herausgeber: J. G. Bischoff<\/div><div class=\"wpmtst-testimonial-field testimonial-field testimonial-company\">Amtsblatt, 15. April 1955, Seite 59<\/div><div class=\"clear\"><\/div><\/div><\/div><div class=\"wpmtst-testimonial testimonial post-1032\"><div class=\"wpmtst-testimonial-inner testimonial-inner\"><h3 class=\"wpmtst-testimonial-heading testimonial-heading\">Wenn &#8230;!<\/h3><div    class=\"wpmtst-testimonial-content testimonial-content\"><div class=\"maybe-clear\"><\/div><p>Nie k\u00e4men wir an das Ziel unserer Verhei\u00dfung,\u00a0 w e n n\u00a0 seinem Werke vom Herrn nicht die F\u00fchrung im Haupt, dem Stammapostel gegeben w\u00e4re!<\/p><\/div><div class=\"wpmtst-testimonial-field testimonial-field testimonial-name\">Herausgeber: J. G. Bischoff<\/div><div class=\"wpmtst-testimonial-field testimonial-field testimonial-company\">Amtsblatt, 1. April 1955, Seite 52<\/div><div class=\"clear\"><\/div><\/div><\/div><div class=\"wpmtst-testimonial testimonial post-1031\"><div class=\"wpmtst-testimonial-inner testimonial-inner\"><h3 class=\"wpmtst-testimonial-heading testimonial-heading\">Auf die H\u00f6he!<\/h3><div    class=\"wpmtst-testimonial-content testimonial-content\"><div class=\"maybe-clear\"><\/div><p>F\u00fcr uns Gotteskinder ist der Zeitpunkt gekommen, wo wir alles unn\u00f6tige Gespr\u00e4ch, das nichts mit dem Erreichen unseres Zieles zu tun hat, unterlassen m\u00fcssen. Es ist dringend notwendig, da\u00df wir nur unserem Stammapostel und den treuen Aposteln Geh\u00f6r schenken und ihre Weisungen befolgen, denn wir befinden uns in der &#8222;Seilschaft der Kirche Christi&#8220;.<br \/>\nUnser Stammapostel hat selbst gesagt: &#8222;Wer an meiner Hand bleibt, den bringe ich an das Ziel!&#8220;<\/p><\/div><div class=\"wpmtst-testimonial-field testimonial-field testimonial-name\">Herausgeber: J. G. Bischoff<\/div><div class=\"wpmtst-testimonial-field testimonial-field testimonial-company\">Der Jugendfreund, 15. Februar 1955, Seite 31<\/div><div class=\"clear\"><\/div><\/div><\/div><\/div><\/div>\n","protected":false},"excerpt":{"rendered":"","protected":false},"author":1,"featured_media":0,"parent":0,"menu_order":0,"comment_status":"closed","ping_status":"closed","template":"","meta":{"footnotes":""},"_links":{"self":[{"href":"https:\/\/naktalk.de\/nak-forschungsbericht\/wp-json\/wp\/v2\/pages\/1001"}],"collection":[{"href":"https:\/\/naktalk.de\/nak-forschungsbericht\/wp-json\/wp\/v2\/pages"}],"about":[{"href":"https:\/\/naktalk.de\/nak-forschungsbericht\/wp-json\/wp\/v2\/types\/page"}],"author":[{"embeddable":true,"href":"https:\/\/naktalk.de\/nak-forschungsbericht\/wp-json\/wp\/v2\/users\/1"}],"replies":[{"embeddable":true,"href":"https:\/\/naktalk.de\/nak-forschungsbericht\/wp-json\/wp\/v2\/comments?post=1001"}],"version-history":[{"count":2,"href":"https:\/\/naktalk.de\/nak-forschungsbericht\/wp-json\/wp\/v2\/pages\/1001\/revisions"}],"predecessor-version":[{"id":1033,"href":"https:\/\/naktalk.de\/nak-forschungsbericht\/wp-json\/wp\/v2\/pages\/1001\/revisions\/1033"}],"wp:attachment":[{"href":"https:\/\/naktalk.de\/nak-forschungsbericht\/wp-json\/wp\/v2\/media?parent=1001"}],"curies":[{"name":"wp","href":"https:\/\/api.w.org\/{rel}","templated":true}]}}