{"id":1007,"date":"2018-06-18T17:00:39","date_gmt":"2018-06-18T15:00:39","guid":{"rendered":"https:\/\/naktalk.de\/nak-forschungsbericht\/?page_id=1007"},"modified":"2018-06-22T00:05:59","modified_gmt":"2018-06-21T22:05:59","slug":"zeugnisse-der-gute-hirte","status":"publish","type":"page","link":"https:\/\/naktalk.de\/nak-forschungsbericht\/zeugnisse-der-gute-hirte\/","title":{"rendered":"Zeugnisse aus \u00bbDer gute Hirte\u00ab"},"content":{"rendered":"<div class=\"strong-view strong-view-id-4 default wpmtst-default strong-pager\" data-count=9 data-pager-var=strong_pager_id_4 data-state=idle><div class=\"strong-content strong-paginated strong-columns columns-2\"><div class=\"wpmtst-testimonial testimonial post-1191\"><div class=\"wpmtst-testimonial-inner testimonial-inner\"><h3 class=\"wpmtst-testimonial-heading testimonial-heading\">Wir schreiben dem Onkel Fritz<\/h3><div    class=\"wpmtst-testimonial-content testimonial-content\"><div class=\"maybe-clear\"><\/div><p>Den guten Kampf des Glaubens k\u00f6nnen wir nur f\u00fchren, wenn wir stark sind im Geist und in der Kraft des Herrn, und jedes neue Erlebnis st\u00e4rkt uns in unserem Bem\u00fchen, noch treuer nachzufolgen und noch herzlicher darum zu bitten, da\u00df wir am Tag des Sohnes Gottes an der Seite des Stammapostels heimziehen d\u00fcrfen in das Reich der Herrlichkeit.<\/p><\/div><div class=\"wpmtst-testimonial-field testimonial-field testimonial-name\">Herausgeber: J. G. Bischoff<\/div><div class=\"wpmtst-testimonial-field testimonial-field testimonial-company\">Der gute Hirte, Sondernummer Dezember 1956, Seite 24<\/div><div class=\"clear\"><\/div><\/div><\/div><div class=\"wpmtst-testimonial testimonial post-1190\"><div class=\"wpmtst-testimonial-inner testimonial-inner\"><h3 class=\"wpmtst-testimonial-heading testimonial-heading\">Wir schreiben dem Onkel Fritz!<\/h3><div    class=\"wpmtst-testimonial-content testimonial-content\"><div class=\"maybe-clear\"><\/div><p>Was an uns herankommt, l\u00e4\u00dft er zu, damit es uns zum Besten diene, wir werden gef\u00fchrt von seinen treuen Knechten, und wie bald wird es geschehen, dann sind wir f\u00fcr immer im Vaterhaus geborgen und allem Zugriff des B\u00f6sen entzogen. Der Herr Jesus hat das dem Stammapostel versprochen. Halten wir uns zu ihm, dann werden wir auch in Gnaden bestehen k\u00f6nnen!<\/p><\/div><div class=\"wpmtst-testimonial-field testimonial-field testimonial-name\">Herausgeber: J. G. Bischoff<\/div><div class=\"wpmtst-testimonial-field testimonial-field testimonial-company\">Der gute Hirte, Sondernummer August 1956, Seite 16<\/div><div class=\"clear\"><\/div><\/div><\/div><div class=\"wpmtst-testimonial testimonial post-1188\"><div class=\"wpmtst-testimonial-inner testimonial-inner\"><h3 class=\"wpmtst-testimonial-heading testimonial-heading\">Eine Botschaft<\/h3><div    class=\"wpmtst-testimonial-content testimonial-content\"><div class=\"maybe-clear\"><\/div><p>Ihr wi\u00dft ja alle, da\u00df der Sohn Gottes unserem Stammapostel offenbart hat, er werde in der Zeit seines Lebens wiederkommen und ihn und alle, die eins mit ihm sind, f\u00fcr immer zu sich nehmen ins Vaterhaus. Welches Gotteskind ist da nicht von Herzen dankbar, da\u00df ihm Gott das rechte Verst\u00e4ndnis f\u00fcr diese herrliche Botschaft aufgeschlossen hat? Wer von uns freut sich nicht von Herzen auf den Tag, da er mit dem Stammapostel, den Aposteln und all den Getreuen, die sich um sie sammeln, diese Erde verlassen darf, um auf ewig in der Herrlichkeit Gottes geborgen zu sein?<\/p><\/div><div class=\"wpmtst-testimonial-field testimonial-field testimonial-name\">Herausgeber: J. G. Bischoff<\/div><div class=\"wpmtst-testimonial-field testimonial-field testimonial-company\">Der gute Hirte, 15. Dezember 1956, Seite 90-91<\/div><div class=\"clear\"><\/div><\/div><\/div><div class=\"wpmtst-testimonial testimonial post-1187\"><div class=\"wpmtst-testimonial-inner testimonial-inner\"><h3 class=\"wpmtst-testimonial-heading testimonial-heading\">Dein Reichtum!<\/h3><div    class=\"wpmtst-testimonial-content testimonial-content\"><div class=\"maybe-clear\"><\/div><p>Du bist reich, weil du die Sch\u00e4tze kennst, die in diesen letzten Tagen angeboten werden von unserem Stammapostel. Damit lebt der Glaube an seine g\u00f6ttliche Botschaft in dir, und das gleiche Verlangen nach Jesu Wiederkommen erf\u00fcllt dich wie ihn, die gr\u00f6\u00dfte Gabe dieser Zeit.<\/p><\/div><div class=\"wpmtst-testimonial-field testimonial-field testimonial-name\">Herausgeber: J. G. Bischoff<\/div><div class=\"wpmtst-testimonial-field testimonial-field testimonial-company\">Der gute Hirte, 15. Oktober 1956, Seite 75<\/div><div class=\"clear\"><\/div><\/div><\/div><div class=\"wpmtst-testimonial testimonial post-1054\"><div class=\"wpmtst-testimonial-inner testimonial-inner\"><h3 class=\"wpmtst-testimonial-heading testimonial-heading\">Was der Onkel Fritz erf\u00e4hrt &#8230;<\/h3><div    class=\"wpmtst-testimonial-content testimonial-content\"><div class=\"maybe-clear\"><\/div><p>Wir Gotteskinder m\u00fcssen gerade in dieser letzten Zeit gut aufpassen, da\u00df uns kein Wort der Boten des Herrn verloren geht. Der liebe Gott will uns ja in diesen wenigen Stunden, die wir vor dem Kommen seines lieben Sohnes noch in seinem Hause verbringen d\u00fcrfen, alles schenken, was wir zu unserer Vollendung n\u00f6tig haben. Wie furchtbar w\u00e4re es, wenn uns gerade da die Schlafgeister gefangennehmen k\u00f6nnten und wir ohne Trost, ohne Hoffnung und ohne Gnade wieder nach Hause gehen m\u00fc\u00dften! Niemand von uns wei\u00df, ob nicht gerade der Gottesdienst, den wir durchleben, der letzte ist vor dem Kommen Jesu.<\/p><\/div><div class=\"wpmtst-testimonial-field testimonial-field testimonial-name\">Herausgeber: J. G. Bischoff<\/div><div class=\"wpmtst-testimonial-field testimonial-field testimonial-company\">Der gute Hirte, 15. August 1956, Seite 63<\/div><div class=\"clear\"><\/div><\/div><\/div><div class=\"wpmtst-testimonial testimonial post-1051\"><div class=\"wpmtst-testimonial-inner testimonial-inner\"><h3 class=\"wpmtst-testimonial-heading testimonial-heading\">Wie ich mir meine Zukunft vorstelle<\/h3><div    class=\"wpmtst-testimonial-content testimonial-content\"><div class=\"maybe-clear\"><\/div><p>Die Marlies dachte aber nicht daran, dem Beispiel der anderen Kinder zu folgen, die nun in kurzen Worten erz\u00e4hlten, was sie einmal werden wollten. Mit ihren 13 Jahren war sie ein treues Gotteskind und ihre Seele war erf\u00fcllt von der g\u00f6ttlichen Wahrheit. Sie schrieb:<\/p><p>&#8222;Wie ich mir meine Zukunft vorstelle.<br \/>\nMeine Zukunft liegt in Gottes Hand. Bei der Himmelfahrt hat Jesus verhei\u00dfen, wiederzukommen und die Seinen zu sich zu nehmen. Ich glaube an diese Verhei\u00dfung und sehe aus den Zeichen der Zeit, da\u00df die Wiederkunft Jesu nicht mehr ferne ist. Deshalb k\u00f6nnen mich die Zust\u00e4nde der augenblicklichen und der kommenden Zeit nicht \u00e4ngstigen. Ich hoffe und w\u00fcnsche, da\u00df mich Jesus bei seiner Wiederkunft w\u00fcrdig findet und ich so von den in der Offenbarung des Johannes beschriebenen Schrecken verschont bleibe. Dieses wird mir gelingen, denn ich glaube dem Wort des Stammapostels, empfange die Gnade im Hause Gottes und geh\u00f6re zu denen, die auf das Wiederkommen Jesu mit ganzem Herzen warten.&#8220;<\/p><\/div><div class=\"wpmtst-testimonial-field testimonial-field testimonial-name\">Herausgeber: J. G. Bischoff<\/div><div class=\"wpmtst-testimonial-field testimonial-field testimonial-company\">Der gute Hirte, 15. Mai 1956, Seite 35-36<\/div><div class=\"clear\"><\/div><\/div><\/div><div class=\"wpmtst-testimonial testimonial post-1050\"><div class=\"wpmtst-testimonial-inner testimonial-inner\"><h3 class=\"wpmtst-testimonial-heading testimonial-heading\">Was der Onkel Fritz erf\u00e4hrt &#8230;<\/h3><div    class=\"wpmtst-testimonial-content testimonial-content\"><div class=\"maybe-clear\"><\/div><p>Das ganze Volk Gottes ist nun davon unterrichtet, da\u00df der Tag des Herrn nicht mehr fern ist. Der Herr Jesus hat es den Stammapostel wissen lassen, und der Stammapostel verk\u00fcndigte diese frohe Botschaft allen Gotteskindern. Wir wollen ja vom Kommen des Herrn nicht \u00fcberrascht werden, sondern in rechter Weise daf\u00fcr w\u00fcrdig sein. Darum scharen sich alle Getreuen um die Boten des Friedens und h\u00f6ren auf ihr Wort. Und auch Euch ist gesagt, da\u00df Ihr lieb und brav sein m\u00fc\u00dft, denn der Herr Jesus kann keine unartigen Kinder zu sich ins Vaterhaus nehmen. Er beobachtet uns alle, auch wenn wir meinen, wir w\u00e4ren ganz allein, und wei\u00df genau, ob wir ihn so lieb haben, da\u00df wir die Kraft aufbringen, den Versuchungen des B\u00f6sen aus dem Wege zu gehen.<\/p><\/div><div class=\"wpmtst-testimonial-field testimonial-field testimonial-name\">Herausgeber: J. G. Bischoff<\/div><div class=\"wpmtst-testimonial-field testimonial-field testimonial-company\">Der gute Hirte, 15. April 1956, Seite 30<\/div><div class=\"clear\"><\/div><\/div><\/div><div class=\"wpmtst-testimonial testimonial post-1049\"><div class=\"wpmtst-testimonial-inner testimonial-inner\"><h3 class=\"wpmtst-testimonial-heading testimonial-heading\">Was der Onkel Fritz erf\u00e4hrt &#8230;<\/h3><div    class=\"wpmtst-testimonial-content testimonial-content\"><div class=\"maybe-clear\"><\/div><p>Wer das Ziel erreichen will, der denkt nicht: Mein Herr kommt noch lange nicht!, sondern wartet mit dem Stammapostel und allen Getreuen jeden Tag auf das Kommen Jesu, Und ein Gotteskind, das in dieser Erwartung steht, verh\u00e4lt sich so, da\u00df es dem Herrn und seinem Werke keine Schande macht, sondern jeden erkennen l\u00e4\u00dft, da\u00df in ihm der Heilige Geist wohnt.<\/p><\/div><div class=\"wpmtst-testimonial-field testimonial-field testimonial-name\">Herausgeber: J. G. Bischoff<\/div><div class=\"wpmtst-testimonial-field testimonial-field testimonial-company\">Der gute Hirte, 15. Februar 1956, Seite 16<\/div><div class=\"clear\"><\/div><\/div><\/div><div class=\"wpmtst-testimonial testimonial post-1048\"><div class=\"wpmtst-testimonial-inner testimonial-inner\"><h3 class=\"wpmtst-testimonial-heading testimonial-heading\">Was der Onkel Fritz erf\u00e4hrt &#8230;<\/h3><div    class=\"wpmtst-testimonial-content testimonial-content\"><div class=\"maybe-clear\"><\/div><p>Wir Gotteskinder brauchen aber keine Angst vor der Zukunft zu haben. Wir halten uns an den Mann Gottes, unseren lieben Stammapostel, durch den uns unser himmlischer Vater seinen Willen verk\u00fcndet; weil wir ihm vertrauen, d\u00fcrfen wir auch glauben, da\u00df wir nicht mehr lange auf dieser Welt bleiben m\u00fcssen, sondern die Stunde zu erwarten haben, in welcher der Herr Jesus die Seinen heimholt ins Vaterhaus. Was der liebe Gott vorhat, kann niemand verhindern oder aufhalten, und nun ist die Zeit gekommen, in der er seinen Plan zu Ende f\u00fchrt. Der Sohn Gottes hat es selber den Stammapostel wissen lassen, und der Stammapostel hat diese frohe Kunde dem ganzen Gottesvolk mitgeteilt, damit sich alle auf das Kommen des Herrn einrichten und niemand zur\u00fcckbleiben mu\u00df.<\/p><\/div><div class=\"wpmtst-testimonial-field testimonial-field testimonial-name\">Herausgeber: J. G. Bischoff<\/div><div class=\"wpmtst-testimonial-field testimonial-field testimonial-company\">Der gute Hirte, 15. Januar 1956, Seite 6-7<\/div><div class=\"clear\"><\/div><\/div><\/div><\/div><\/div>\n","protected":false},"excerpt":{"rendered":"","protected":false},"author":1,"featured_media":0,"parent":0,"menu_order":0,"comment_status":"closed","ping_status":"closed","template":"","meta":{"footnotes":""},"_links":{"self":[{"href":"https:\/\/naktalk.de\/nak-forschungsbericht\/wp-json\/wp\/v2\/pages\/1007"}],"collection":[{"href":"https:\/\/naktalk.de\/nak-forschungsbericht\/wp-json\/wp\/v2\/pages"}],"about":[{"href":"https:\/\/naktalk.de\/nak-forschungsbericht\/wp-json\/wp\/v2\/types\/page"}],"author":[{"embeddable":true,"href":"https:\/\/naktalk.de\/nak-forschungsbericht\/wp-json\/wp\/v2\/users\/1"}],"replies":[{"embeddable":true,"href":"https:\/\/naktalk.de\/nak-forschungsbericht\/wp-json\/wp\/v2\/comments?post=1007"}],"version-history":[{"count":3,"href":"https:\/\/naktalk.de\/nak-forschungsbericht\/wp-json\/wp\/v2\/pages\/1007\/revisions"}],"predecessor-version":[{"id":1189,"href":"https:\/\/naktalk.de\/nak-forschungsbericht\/wp-json\/wp\/v2\/pages\/1007\/revisions\/1189"}],"wp:attachment":[{"href":"https:\/\/naktalk.de\/nak-forschungsbericht\/wp-json\/wp\/v2\/media?parent=1007"}],"curies":[{"name":"wp","href":"https:\/\/api.w.org\/{rel}","templated":true}]}}