{"id":1062,"date":"2018-06-19T12:18:24","date_gmt":"2018-06-19T10:18:24","guid":{"rendered":"https:\/\/naktalk.de\/nak-forschungsbericht\/?page_id=1062"},"modified":"2018-06-22T14:46:00","modified_gmt":"2018-06-22T12:46:00","slug":"warum","status":"publish","type":"page","link":"https:\/\/naktalk.de\/nak-forschungsbericht\/warum\/","title":{"rendered":"Warum &#8230;"},"content":{"rendered":"<div id=\"pl-1062\"  class=\"panel-layout\" ><div id=\"pg-1062-0\"  class=\"panel-grid panel-no-style\" ><div id=\"pgc-1062-0-0\"  class=\"panel-grid-cell\" ><div id=\"panel-1062-0-0-0\" class=\"so-panel widget widget_sow-editor panel-first-child panel-last-child\" data-index=\"0\" ><div\n\t\t\t\n\t\t\tclass=\"so-widget-sow-editor so-widget-sow-editor-base\"\n\t\t\t\n\t\t>\n<div class=\"siteorigin-widget-tinymce textwidget\">\n\t<h4>... der Forschungsbericht ver\u00f6ffentlicht werden muss.<\/h4>\n<p>Ganz einfach:<\/p>\n<\/div>\n<\/div><\/div><\/div><\/div><div id=\"pg-1062-1\"  class=\"panel-grid panel-no-style\" ><div id=\"pgc-1062-1-0\"  class=\"panel-grid-cell\" ><div id=\"panel-1062-1-0-0\" class=\"so-panel widget widget_sow-editor panel-first-child panel-last-child\" data-index=\"1\" ><div class=\"panel-widget-style panel-widget-style-for-1062-1-0-0\" ><div\n\t\t\t\n\t\t\tclass=\"so-widget-sow-editor so-widget-sow-editor-base\"\n\t\t\t\n\t\t>\n<div class=\"siteorigin-widget-tinymce textwidget\">\n\t<div id=\"pg-1062-1\" class=\"panel-grid panel-no-style\">\n<div id=\"pgc-1062-1-0\" class=\"panel-grid-cell\">\n<div id=\"panel-1062-1-0-0\" class=\"so-panel widget widget_headline-widget panel-first-child panel-last-child\" data-index=\"1\">\n<p style=\"text-align: center;\"><span style=\"color: #ff0000;\"><strong><span style=\"font-size: 16pt;\">Weil schon zwei Stammapostel gesagt haben,<\/span><\/strong><\/span><br \/>\n<span style=\"color: #ff0000;\"><strong><span style=\"font-size: 16pt;\">dass die neuapostolische Kirchengeschichte aufgearbeitet werden soll!<\/span><\/strong><\/span><\/p>\n<p style=\"text-align: center;\"><span style=\"font-size: 14pt;\"><strong>Das allein m\u00fcsste jedem gl\u00e4ubigen und treuen neuapostolischen Gotteskind,<br \/>\ninklusive Aposteln, Grund genug sein.<\/strong><\/span><\/p>\n<\/div>\n<\/div>\n<\/div>\n<\/div>\n<\/div><\/div><\/div><\/div><\/div><div id=\"pg-1062-2\"  class=\"panel-grid panel-no-style\" ><div id=\"pgc-1062-2-0\"  class=\"panel-grid-cell\" ><div id=\"panel-1062-2-0-0\" class=\"so-panel widget widget_sow-editor panel-first-child panel-last-child\" data-index=\"2\" ><div\n\t\t\t\n\t\t\tclass=\"so-widget-sow-editor so-widget-sow-editor-base\"\n\t\t\t\n\t\t>\n<div class=\"siteorigin-widget-tinymce textwidget\">\n\t<p style=\"text-align: left;\">Die Verheimlichung des Forschungsberichts offenbart einen existenziellen Notstand in der Neuapostolischen Kirche (NAK):<\/p>\n<p style=\"text-align: left;\"><strong>Die neuerdings fehlende uneingeschr\u00e4nkte Autorit\u00e4t eines Stammapostels.<\/strong><\/p>\n<p style=\"text-align: left;\">Die Lage ist ernster als es vielen Mitgliedern vielleicht bewusst ist. An der <strong>Autorit\u00e4t<\/strong> des <strong>Stammapostelamtes<\/strong> h\u00e4ngt die <strong>ganze Daseinsberechtigung der NAK<\/strong>:<\/p>\n<blockquote><p>\"Der Stammapostel ordiniert die Apostel. Es ist notwendig, dass die Apostel im <strong>Einssein<\/strong> mit ihm stehen: <strong>Nur auf diese Weise<\/strong> kann die dem Apostolat insgesamt obliegende <strong>Aufgabe erf\u00fcllt werden<\/strong>, Menschen das<strong> Heil zug\u00e4nglich zu machen<\/strong>.\" (Katechismus der NAK)<\/p><\/blockquote>\n<p style=\"text-align: justify;\"><strong>Und wenn Menschen das Heil \u2013 durch Uneinssein mit dem Stammapostel \u2013 nicht mehr zug\u00e4gnlich gemacht werden kann, dann braucht es auch keine Neuapostolische Kirche mehr.<\/strong> Denn wenn es nur um die Verbreitung des Evangeliums geht, dann machen das andere christliche Kirchen und Gemeinschaften oft deutlich begeisterter und erfolgreicher.<\/p>\n<p style=\"text-align: justify;\">Die vors\u00e4tzliche Torpedierung einer Aufarbeitung der Kirchengeschichte f\u00fchrt ein Einsein mit zwei zuvor wirkenden Stammaposteln ad absurdum. Der Stammapostel, der nach neuester Kirchenlehre auch nur ein Apostel ist, und alle Bezirksapostel widerstreben ganz offen und ungeniert den Stammaposteln Richard Fehr und Wilhelm Leber. Einsein ja \u2013 aber nur wenn es zur Kirchenpolitik passt. Damit hat sich das neuapostolische Apostolat\u00a0\u2013 Kraft eigener Lehre\u00a0\u2013 selbst ausser Kraft gesetzt. Was bleibt ist christlich gef\u00e4rbte Fassade \u2013 \"du hast den Namen das du lebst und bist tot\".<\/p>\n<p style=\"text-align: justify;\">Dieses skurrile Szenario kann na\u00fcrlich auch als eine Art religi\u00f6ses Gesellschaftsspiel angesehen werden. Doch wird ein ernsthafter und verantwortungsbewusster Christ niemals mit seinem Glauben spielen.<\/p>\n<p style=\"text-align: left;\">\n<\/div>\n<\/div><\/div><\/div><div id=\"pgc-1062-2-1\"  class=\"panel-grid-cell\" ><div id=\"panel-1062-2-1-0\" class=\"so-panel widget widget_sow-editor panel-first-child panel-last-child\" data-index=\"3\" ><div\n\t\t\t\n\t\t\tclass=\"so-widget-sow-editor so-widget-sow-editor-base\"\n\t\t\t\n\t\t>\n<div class=\"siteorigin-widget-tinymce textwidget\">\n\t<p><span style=\"font-size: 14pt;\"><strong>1999 \u2013 Stammapostel Richard Fehr<\/strong><\/span><\/p>\n<p>Die AG \u201eGeschichte der Neuapostolischen Kirche\u201c (GNK) wurde am <strong>21. Oktober 1999<\/strong> von Stammapostel Fehr gegru\u0308ndet; ihr Auftrag lautet:<\/p>\n<blockquote>\n<p>\u201eDie Geschichte der NAK historisch einwandfrei nachvollziehbar darstellen und auch solche Aspekte aufnehmen, die fu\u0308r die Kirche unbequem sein ko\u0308nnten. Die Darstellung soll objektiv sein und alle Fragen tabufrei beleuchten. Dabei soll der Gedanke beru\u0308cksichtigt werden: Wenn wir diese Aufgabe nicht wahrnehmen, werden andere es tun\u201c.<\/p>\n<\/blockquote>\n<hr \/>\n<p><strong><span style=\"font-size: 14pt;\">2007 \u2013 Stammapostel Wilhlm Leber<\/span><br \/>\n<\/strong><\/p>\n<blockquote>\n<p>\u201e[\u2026] Geschichte soll aufgearbeitet werden.<\/p>\n<ol>\n<li>Dabei wird nat\u00fcrlich die Frage eine besondere Rolle spielen,<br \/>\nwie die Botschaft heute zu bewerten ist.<\/li>\n<li>Dann ist noch vorgesehen, dass die Geschichte der NAK zur Zeit des Nationalsozialismus untersucht wird,<\/li>\n<li>wie auch die Situation der Kirche in der ehemaligen DDR.<\/li>\n<\/ol>\n<p>Sind alles noch Aufgaben der AG Geschichte.\u201c<\/p>\n<\/blockquote>\n<hr \/>\n<p><span style=\"font-size: 14pt;\"><strong>2014 \u2013 Stammapostel Jean-Luc Schneider<\/strong><\/span><\/p>\n<blockquote>\n<p>Er widerstrebt seinen beiden Amtsvorg\u00e4ngern Fehr und Leber, die eine Aufarbeitung der Kirchengeschichte initiiert haben. Schneider verheimlicht bis heute den im Juni 2014 der NAKI \u00fcbergebenen Forschungsbericht \u00fcber die Zeit der Botschaft von Stammapostel J. G. Bischoff.<\/p>\n<\/blockquote>\n<p>&nbsp;<\/p>\n<\/div>\n<\/div><\/div><\/div><\/div><div id=\"pg-1062-3\"  class=\"panel-grid panel-no-style\" ><div id=\"pgc-1062-3-0\"  class=\"panel-grid-cell\" ><div id=\"panel-1062-3-0-0\" class=\"so-panel widget widget_sow-editor panel-first-child panel-last-child\" data-index=\"4\" ><div class=\"panel-widget-style panel-widget-style-for-1062-3-0-0\" ><div\n\t\t\t\n\t\t\tclass=\"so-widget-sow-editor so-widget-sow-editor-base\"\n\t\t\t\n\t\t>\n<div class=\"siteorigin-widget-tinymce textwidget\">\n\t<hr \/>\n<div class=\"responsive-tabs\">\n<h2 class=\"tabtitle\">Das Grundgesetz<\/h2>\n<div class=\"tabcontent\">\n\n<blockquote><p><span style=\"font-size: 14pt;\">Die W\u00fcrde des Menschen ist unantastbar.<\/span><\/p><\/blockquote>\n<p><span style=\"font-size: 10pt;\">Aus Artikel 1 des Grundgesetzes f\u00fcr die Bundesrepublik Deutschland.<\/span><\/p>\n<p>&nbsp;<\/p>\n\n<\/div><h2 class=\"tabtitle\">Die Gehorsamspflicht<\/h2>\n<div class=\"tabcontent\">\n\n<blockquote><p><span style=\"font-size: 14pt;\">Ich glaube, dass ich der weltlichen Obrigkeit zum Gehorsam verpflichtet bin,<br \/>\nsoweit nicht g\u00f6ttliche Gesetze dem entgegenstehen.<\/span><\/p><\/blockquote>\n<p><span style=\"font-size: 10pt;\">10. Glaubensartikel der Neuapostolischen Kirche<\/span><\/p>\n<p>&nbsp;<\/p>\n\n<\/div><h2 class=\"tabtitle\">Die Maske f\u00e4llt<\/h2>\n<div class=\"tabcontent\">\n\n<p>Laut dem 10. Glaubensartikel verpflichten sich die neuapostolischen Apostel dem Grundgesetz der Bundesrepublik Deutschland gehorsam zu sein. Darin wird die W\u00fcrde des Menschen als unantastbar bestimmt. Die Verheimlichung des NAK-Forschungsberichts ist Betrug am Vertrauen der interviewten Zeitzeugen, welche sich gro\u00dfz\u00fcgig zur Verf\u00fcgung gestellt haben unter der Pr\u00e4misse einer Aufarbeitung der Botschaftszeit durch die NAK. Betrug ist entw\u00fcrdigend. Auch wie die Zeitzeugen und die Kirchenmitglieder seitens der NAK-Apostel durch Desinformation behandelt wurden ist entw\u00fcrdigend.<\/p>\n<p>Das Grundgesetz der Bundesrepublik Deutschland - mit diesem Artikel 1 - ist am 24. Mai 1949 in Kraft getreten. W\u00e4hrend der Botschaft von Stammapostel J. G. Bischoff wurde die W\u00fcrde vieler Mitglieder der NAK durch Gemeinschaftsausschluss und Diskriminierung mit F\u00fc\u00dfen getreten. Nach dem Tod von J. G. Bischoff wurden die Ausgeschlossenen noch \u00fcber viele Jahre als Feinde und \"Abgefallene\" diskriminiert. Auch in dieser Zeit waren die Apostel durch den 10. Glaubensartikel dem Grundsatz \"Die W\u00fcrde des Menschen ist unanstastbar\" verpflichtet. Der vielfache Versto\u00df dagegen offenbart neuapostolische Apostel als Pharsi\u00e4er, vor welchen Jesus der Christus deutlich gewarnt hat.<\/p>\n<p>&nbsp;<\/p>\n<\/div><\/div>\n<p>&nbsp;<\/p>\n<\/div>\n<\/div><\/div><\/div><\/div><\/div><\/div>","protected":false},"excerpt":{"rendered":"<p>&#8230; der Forschungsbericht ver\u00f6ffentlicht werden muss. Ganz einfach: Weil schon zwei Stammapostel gesagt haben, dass die neuapostolische Kirchengeschichte aufgearbeitet werden soll! Das allein m\u00fcsste jedem gl\u00e4ubigen und treuen neuapostolischen Gotteskind, inklusive Aposteln, Grund genug sein.<\/p>\n","protected":false},"author":1,"featured_media":0,"parent":0,"menu_order":0,"comment_status":"closed","ping_status":"closed","template":"","meta":{"footnotes":""},"_links":{"self":[{"href":"https:\/\/naktalk.de\/nak-forschungsbericht\/wp-json\/wp\/v2\/pages\/1062"}],"collection":[{"href":"https:\/\/naktalk.de\/nak-forschungsbericht\/wp-json\/wp\/v2\/pages"}],"about":[{"href":"https:\/\/naktalk.de\/nak-forschungsbericht\/wp-json\/wp\/v2\/types\/page"}],"author":[{"embeddable":true,"href":"https:\/\/naktalk.de\/nak-forschungsbericht\/wp-json\/wp\/v2\/users\/1"}],"replies":[{"embeddable":true,"href":"https:\/\/naktalk.de\/nak-forschungsbericht\/wp-json\/wp\/v2\/comments?post=1062"}],"version-history":[{"count":35,"href":"https:\/\/naktalk.de\/nak-forschungsbericht\/wp-json\/wp\/v2\/pages\/1062\/revisions"}],"predecessor-version":[{"id":1205,"href":"https:\/\/naktalk.de\/nak-forschungsbericht\/wp-json\/wp\/v2\/pages\/1062\/revisions\/1205"}],"wp:attachment":[{"href":"https:\/\/naktalk.de\/nak-forschungsbericht\/wp-json\/wp\/v2\/media?parent=1062"}],"curies":[{"name":"wp","href":"https:\/\/api.w.org\/{rel}","templated":true}]}}