{"id":70,"date":"2015-04-18T21:21:37","date_gmt":"2015-04-18T19:21:37","guid":{"rendered":"http:\/\/naktalk.de\/nak-forschungsbericht\/?page_id=70"},"modified":"2018-06-19T17:42:06","modified_gmt":"2018-06-19T15:42:06","slug":"daten-und-fakten-zum-forschungsbericht","status":"publish","type":"page","link":"https:\/\/naktalk.de\/nak-forschungsbericht\/daten-und-fakten-zum-forschungsbericht\/","title":{"rendered":"Daten und Fakten"},"content":{"rendered":"<div id=\"pl-70\"  class=\"panel-layout\" ><div id=\"pg-70-0\"  class=\"panel-grid panel-no-style\" ><div id=\"pgc-70-0-0\"  class=\"panel-grid-cell\" ><div id=\"panel-70-0-0-0\" class=\"so-panel widget widget_sow-editor panel-first-child panel-last-child\" data-index=\"0\" ><div\n\t\t\t\n\t\t\tclass=\"so-widget-sow-editor so-widget-sow-editor-base\"\n\t\t\t\n\t\t>\n<div class=\"siteorigin-widget-tinymce textwidget\">\n\t<h5>Zum Forschungsauftrag gibt es folgende gesicherte Daten mit Stand vom 09.01.2018:<\/h5>\n<hr \/>\n\n<table id=\"tablepress-15\" class=\"tablepress tablepress-id-15\">\n<tbody class=\"row-hover\">\n<tr class=\"row-1 odd\">\n\t<td class=\"column-1\">Auftraggeber:<\/td><td class=\"column-2\">Neuapostolische Kirche International (NAKI)<\/td>\n<\/tr>\n<tr class=\"row-2 even\">\n\t<td class=\"column-1\">Verantwortlich:<\/td><td class=\"column-2\">Apostel Dirk Schulz, Leiter der AG \"GNK\", Hamburg (2012 noch Bischof)<\/td>\n<\/tr>\n<tr class=\"row-3 odd\">\n\t<td class=\"column-1\">Auftragnehmer:<\/td><td class=\"column-2\">Verein \u00bbGeschichte und Erinnerung\u00ab - Institut f\u00fcr biografische Forschung e. V.\u00ab mit Sitz in Herten<\/td>\n<\/tr>\n<tr class=\"row-4 even\">\n\t<td class=\"column-1\">Aufgabenstellung:<\/td><td class=\"column-2\">Durchf\u00fchrung einer Zeitzeugenbefragung zum Thema \"Neuapostolische und apostolische Christen im Umgang mit der \u00bbBotschaft\u00ab des Stammapostels Bischoff, anhand wissenschaftlicher Methoden\"<\/td>\n<\/tr>\n<tr class=\"row-5 odd\">\n\t<td class=\"column-1\">Vertragsschluss:<\/td><td class=\"column-2\">M\u00e4rz 2012<\/td>\n<\/tr>\n<tr class=\"row-6 even\">\n\t<td class=\"column-1\">Durchf\u00fchrende:<\/td><td class=\"column-2\">Frau Dr. phil. Almut Leh, Herr PD Dr. phil. Alexander von Plato<\/td>\n<\/tr>\n<tr class=\"row-7 odd\">\n\t<td class=\"column-1\">Teilnehmer:<\/td><td class=\"column-2\">10 Zeitzeugen aus der NAK und 10 Zeitzeugen aus der AG und VAC (VAG)<\/td>\n<\/tr>\n<tr class=\"row-8 even\">\n\t<td class=\"column-1\">Fertigstellung:<\/td><td class=\"column-2\">Juni 2014, mit \u00dcbergabe des rund 200 Seiten starken Forschungsberichts Ende Juni an die NAKI<\/td>\n<\/tr>\n<tr class=\"row-9 odd\">\n\t<td class=\"column-1\">Auftragsvolumen:<\/td><td class=\"column-2\">Zwischen 45.000 und 50.000 Euro<\/td>\n<\/tr>\n<tr class=\"row-10 even\">\n\t<td class=\"column-1\">Information seitens der NAKI:<\/td><td class=\"column-2\">Die interviewten Zeitzeugen und die Mitglieder der NAK wurden \u00fcber die Durchf\u00fchrung und den im Juni 2014 erfolgten Abschlussbericht dieser wissenschaftlichen Zeitzeugenbefragung von der Kirchenleitung nicht informiert.<\/td>\n<\/tr>\n<tr class=\"row-11 odd\">\n\t<td class=\"column-1\">Ver\u00f6ffentlichung:<\/td><td class=\"column-2\">Bis heute wird der Forschungsbericht von der NAKI unter Verschluss gehalten. Eine zuk\u00fcnftige Ver\u00f6ffentlichung ist aktuell nicht vorgesehen.<\/td>\n<\/tr>\n<tr class=\"row-12 even\">\n\t<td class=\"column-1\">Warum wird nicht ver\u00f6ffentlicht? Auf Anfrage wurde durch Kirchensprecher Peter Johanning am 20.04.2015 so begr\u00fcndet:<\/td><td class=\"column-2\">Die Bem\u00fchungen der Apostolischen Gemeinschaft und der Neuapostolischen Kirche zu einer Vers\u00f6hnung zu kommen, sind w\u00e4hrend der Erarbeitung der Studie zur Zeitzeugenbefragung weitergegangen. Diese Bem\u00fchungen f\u00fchrten in der Zwischenzeit zu einer Erkl\u00e4rung zur Vers\u00f6hnung zwischen der Apostolischen Gemeinschaft und der Neuapostolischen Kirche, die feierlich am 29. November 2014 in D\u00fcsseldorf von Vertretern beider Kirchen unterzeichnet wurde. Die Neuapostolische Kirche wird den Weg der Vers\u00f6hnung im Geist der Vers\u00f6hnungserkl\u00e4rung beider Kirchen fortsetzen. Die Studie \u00fcber die Zeitzeugenbefragung ist in dieser Hinsicht wenig hilfreich. Zum einen, weil sie zu keinen neuen Erkenntnissen f\u00fchrt. Zum andern, weil sie durchaus dazu geeignet ist, die Geschehnisse aus der Zeit von 1938-1955 erneut differenziert zu betrachten. Daher hat sich die Neuapostolische Kirche dazu entschieden, sie nicht zu ver\u00f6ffentlichen. Die Neuapostolische Kirche m\u00f6chte viel mehr den Vers\u00f6hnungsprozess mit der Apostolischen Gemeinschaft unbelastet fortsetzen.<\/td>\n<\/tr>\n<tr class=\"row-13 odd\">\n\t<td class=\"column-1\">Drohung seitens der NAKI:<\/td><td class=\"column-2\">Um eine Ver\u00f6ffentlichung seitens der Wissenschaftler zu verhindern, drohte die NAKI der Wissenschaftlerin eine einstweilige Verf\u00fcgung an.<\/td>\n<\/tr>\n<\/tbody>\n<\/table>\n<!-- #tablepress-15 from cache -->\n<\/div>\n<\/div><\/div><\/div><\/div><\/div>","protected":false},"excerpt":{"rendered":"<p>Zum Forschungsauftrag gibt es folgende gesicherte Daten mit Stand vom 09.01.2018:<\/p>\n","protected":false},"author":1,"featured_media":0,"parent":0,"menu_order":5,"comment_status":"closed","ping_status":"open","template":"","meta":{"footnotes":""},"_links":{"self":[{"href":"https:\/\/naktalk.de\/nak-forschungsbericht\/wp-json\/wp\/v2\/pages\/70"}],"collection":[{"href":"https:\/\/naktalk.de\/nak-forschungsbericht\/wp-json\/wp\/v2\/pages"}],"about":[{"href":"https:\/\/naktalk.de\/nak-forschungsbericht\/wp-json\/wp\/v2\/types\/page"}],"author":[{"embeddable":true,"href":"https:\/\/naktalk.de\/nak-forschungsbericht\/wp-json\/wp\/v2\/users\/1"}],"replies":[{"embeddable":true,"href":"https:\/\/naktalk.de\/nak-forschungsbericht\/wp-json\/wp\/v2\/comments?post=70"}],"version-history":[{"count":44,"href":"https:\/\/naktalk.de\/nak-forschungsbericht\/wp-json\/wp\/v2\/pages\/70\/revisions"}],"predecessor-version":[{"id":1098,"href":"https:\/\/naktalk.de\/nak-forschungsbericht\/wp-json\/wp\/v2\/pages\/70\/revisions\/1098"}],"wp:attachment":[{"href":"https:\/\/naktalk.de\/nak-forschungsbericht\/wp-json\/wp\/v2\/media?parent=70"}],"curies":[{"name":"wp","href":"https:\/\/api.w.org\/{rel}","templated":true}]}}