{"id":715,"date":"2015-08-01T14:27:11","date_gmt":"2015-08-01T12:27:11","guid":{"rendered":"http:\/\/naktalk.de\/nak-forschungsbericht\/?page_id=715"},"modified":"2015-08-01T21:20:32","modified_gmt":"2015-08-01T19:20:32","slug":"mein-nak-forschungsbericht","status":"publish","type":"page","link":"https:\/\/naktalk.de\/nak-forschungsbericht\/daten-und-fakten-zum-forschungsbericht\/mein-nak-forschungsbericht\/","title":{"rendered":"Mein Forschungsbericht"},"content":{"rendered":"<p><a href=\"https:\/\/naktalk.de\/nak-forschungsbericht\/wp-content\/uploads\/2015\/08\/Mein-Forschungsbericht-jetzt.jpg\"><img loading=\"lazy\" decoding=\"async\" class=\"alignnone size-full wp-image-740\" src=\"https:\/\/naktalk.de\/nak-forschungsbericht\/wp-content\/uploads\/2015\/08\/Mein-Forschungsbericht-jetzt.jpg\" alt=\"Der Forschungsbericht zum Selbermachen\" width=\"630\" height=\"260\" data-id=\"740\" srcset=\"https:\/\/naktalk.de\/nak-forschungsbericht\/wp-content\/uploads\/2015\/08\/Mein-Forschungsbericht-jetzt.jpg 630w, https:\/\/naktalk.de\/nak-forschungsbericht\/wp-content\/uploads\/2015\/08\/Mein-Forschungsbericht-jetzt-300x124.jpg 300w\" sizes=\"(max-width: 630px) 100vw, 630px\" \/><\/a><\/p>\n<p>Solange der wissenschaftliche Forschungsbericht \u00fcber die Ereignisse w\u00e4hrend und nach der Botschaft von Stammapostel J. G. Bischoff von der Kirchenleitung der NAK strengstens unter Verschluss gehalten wird, soll frei nach dem Motto: <strong>&#8222;Entdecke den Wissenschaftler in Dir!&#8220;<\/strong>, sich\u00a0jeder seinen eigenen Forschungsbericht erstellen k\u00f6nnen. Dazu werden hier nach und nach m\u00f6glichst viele originale Artikel der NAK, sowie Berichte und Dokumente ver\u00f6ffentlicht, welche mit diesem Thema zusammenh\u00e4ngen.<\/p>\n<p>Am Ende der Abschriften gibt es \u2013 zum schnelleren \u00dcberblick \u2013 immer eine Zusammenfassung der Texte zu J. G. Bischoff und der\u00a0\u00bbBotschaft\u00ab. So kann man sich zum Beispiel mit wenig M\u00fche seinen eigenen Forschungsbericht nach und nach zusammenbauen.<\/p>\n<p>Selbst erstellte Forschungsberichte \u2013\u00a0in\u00a0verschiedenen Reifestadien \u2013 werden hier auch gerne ver\u00f6ffentlicht! Bitte dazu den eigenen Forschungsbericht einfach mit Betreff: &#8222;Mein Forschungsbericht &#8211; bitte ver\u00f6ffentlichen&#8220; an folgende Adresse schicken:\u00a0<a title=\"Kontakt zu nak-forschungsbericht-jetzt!\" href=\"mailto:kontakt@nak-forschungsbericht-jetzt.de\" target=\"_blank\">kontakt@nak-forschungsbericht-jetzt.de<\/a><\/p>\n<p>Ich w\u00fcnsche allen Geschichtsinteressierten viel Wissensdurst und Freude bei der Initiative:<\/p>\n<h5>\u00bbMein Forschungsbericht!\u00ab<\/h5>\n<p>Begonnen wird mit Artikeln aus dem &#8222;Guten Hirten&#8220; um zu sehen, wie schon die Kinder mit der \u00bbBotschaft\u00ab\u00a0infiltriert\u00a0wurden. Dabei schreibt h\u00e4ufig der &#8222;liebe Onkel Fritz&#8220;. Dieser &#8222;liebe Onkel&#8220; war pikanter Weise im Dritten Reich Mitglied der NSDAP und der\u00a0SA.<\/p>\n<p>&nbsp;<\/p>\n<p><span style=\"font-size: 14pt;\"><strong>Der gute Hirte 1956<\/strong><\/span><\/p>\n\n<table id=\"tablepress-13\" class=\"tablepress tablepress-id-13\">\n<thead>\n<tr class=\"row-1 odd\">\n\t<th class=\"column-1\">Titel des Artikels<\/th><th class=\"column-2\">Datum<\/th><th class=\"column-3\">Download<\/th>\n<\/tr>\n<\/thead>\n<tbody class=\"row-hover\">\n<tr class=\"row-2 even\">\n\t<td class=\"column-1\">Ein Tagwerk f\u00fcr den Heiland<\/td><td class=\"column-2\">15.01.1956<\/td><td class=\"column-3\"><div class='w3eden'><!-- WPDM Link Template: Default Template -->\n\n<div class=\"link-template-default card mb-2\">\n    <div class=\"card-body\">\n        <div class=\"media\">\n            <div class=\"mr-3 img-48\"><img decoding=\"async\" class=\"wpdm_icon\" alt=\"Icon\" src=\"https:\/\/naktalk.de\/nak-forschungsbericht\/wp-content\/plugins\/download-manager\/assets\/file-type-icons\/pdf.svg\" \/><\/div>\n            <div class=\"media-body\">\n                <h3 class=\"package-title\"><a href='https:\/\/naktalk.de\/nak-forschungsbericht\/download\/der-gute-hirte-1956-ein-tagwerk-fuer-den-herrn\/'>Der gute Hirte - 1956 - Ein Tagwerk f\u00fcr den Herrn<\/a><\/h3>\n                <div class=\"text-muted text-small\"><i class=\"fas fa-copy\"><\/i> 1 Datei(en) <i class=\"fas fa-hdd ml-3\"><\/i> 60.53 KB<\/div>\n            <\/div>\n            <div class=\"ml-3\">\n                <a class='wpdm-download-link download-on-click btn btn-primary ' rel='nofollow' href='#' data-downloadurl=\"https:\/\/naktalk.de\/nak-forschungsbericht\/download\/der-gute-hirte-1956-ein-tagwerk-fuer-den-herrn\/?wpdmdl=723&refresh=69f76fc4149fb1777823684\">Download<\/a>\n            <\/div>\n        <\/div>\n    <\/div>\n<\/div>\n\n<\/div><\/td>\n<\/tr>\n<tr class=\"row-3 odd\">\n\t<td class=\"column-1\">Was der Onkel Fritz erf\u00e4hrt ...<\/td><td class=\"column-2\">15.01.1956<\/td><td class=\"column-3\"><div class='w3eden'><!-- WPDM Link Template: Default Template -->\n\n<div class=\"link-template-default card mb-2\">\n    <div class=\"card-body\">\n        <div class=\"media\">\n            <div class=\"mr-3 img-48\"><img decoding=\"async\" class=\"wpdm_icon\" alt=\"Icon\" src=\"https:\/\/naktalk.de\/nak-forschungsbericht\/wp-content\/plugins\/download-manager\/assets\/file-type-icons\/pdf.svg\" \/><\/div>\n            <div class=\"media-body\">\n                <h3 class=\"package-title\"><a href='https:\/\/naktalk.de\/nak-forschungsbericht\/download\/der-gute-hirte-1956-was-der-onkel-fritz-erfaehrt\/'>Der gute Hirte - 1956 - Was der Onkel Fritz erf\u00e4hrt ...<\/a><\/h3>\n                <div class=\"text-muted text-small\"><i class=\"fas fa-copy\"><\/i> 1 Datei(en) <i class=\"fas fa-hdd ml-3\"><\/i> 68.35 KB<\/div>\n            <\/div>\n            <div class=\"ml-3\">\n                <a class='wpdm-download-link download-on-click btn btn-primary ' rel='nofollow' href='#' data-downloadurl=\"https:\/\/naktalk.de\/nak-forschungsbericht\/download\/der-gute-hirte-1956-was-der-onkel-fritz-erfaehrt\/?wpdmdl=760&refresh=69f76fc41bdb51777823684\">Download<\/a>\n            <\/div>\n        <\/div>\n    <\/div>\n<\/div>\n\n<\/div><\/td>\n<\/tr>\n<tr class=\"row-4 even\">\n\t<td class=\"column-1\">Ein kleiner Gottesstreiter<\/td><td class=\"column-2\">15.03.1956<\/td><td class=\"column-3\"><div class='w3eden'><!-- WPDM Link Template: Default Template -->\n\n<div class=\"link-template-default card mb-2\">\n    <div class=\"card-body\">\n        <div class=\"media\">\n            <div class=\"mr-3 img-48\"><img decoding=\"async\" class=\"wpdm_icon\" alt=\"Icon\" src=\"https:\/\/naktalk.de\/nak-forschungsbericht\/wp-content\/plugins\/download-manager\/assets\/file-type-icons\/pdf.svg\" \/><\/div>\n            <div class=\"media-body\">\n                <h3 class=\"package-title\"><a href='https:\/\/naktalk.de\/nak-forschungsbericht\/download\/der-gute-hirte-1956-ein-kleiner-gottesstreiter\/'>Der gute Hirte - 1956 - Ein kleiner Gottesstreiter<\/a><\/h3>\n                <div class=\"text-muted text-small\"><i class=\"fas fa-copy\"><\/i> 1 Datei(en) <i class=\"fas fa-hdd ml-3\"><\/i> 57.12 KB<\/div>\n            <\/div>\n            <div class=\"ml-3\">\n                <a class='wpdm-download-link download-on-click btn btn-primary ' rel='nofollow' href='#' data-downloadurl=\"https:\/\/naktalk.de\/nak-forschungsbericht\/download\/der-gute-hirte-1956-ein-kleiner-gottesstreiter\/?wpdmdl=763&refresh=69f76fc41fb871777823684\">Download<\/a>\n            <\/div>\n        <\/div>\n    <\/div>\n<\/div>\n\n<\/div><\/td>\n<\/tr>\n<tr class=\"row-5 odd\">\n\t<td class=\"column-1\">Was der Onkel Fritz erf\u00e4hrt ... 2<\/td><td class=\"column-2\">15.04.1956<\/td><td class=\"column-3\"><div class='w3eden'><!-- WPDM Link Template: Default Template -->\n\n<div class=\"link-template-default card mb-2\">\n    <div class=\"card-body\">\n        <div class=\"media\">\n            <div class=\"mr-3 img-48\"><img decoding=\"async\" class=\"wpdm_icon\" alt=\"Icon\" src=\"https:\/\/naktalk.de\/nak-forschungsbericht\/wp-content\/plugins\/download-manager\/assets\/file-type-icons\/pdf.svg\" \/><\/div>\n            <div class=\"media-body\">\n                <h3 class=\"package-title\"><a href='https:\/\/naktalk.de\/nak-forschungsbericht\/download\/der-gute-hirte-1956-was-der-onkel-fritz-erfaehrt-2\/'>Der gute Hirte \u2013 1956 \u2013 Was der Onkel Fritz erf\u00e4hrt \u2026 2<\/a><\/h3>\n                <div class=\"text-muted text-small\"><i class=\"fas fa-copy\"><\/i> 1 Datei(en) <i class=\"fas fa-hdd ml-3\"><\/i> 71.25 KB<\/div>\n            <\/div>\n            <div class=\"ml-3\">\n                <a class='wpdm-download-link download-on-click btn btn-primary ' rel='nofollow' href='#' data-downloadurl=\"https:\/\/naktalk.de\/nak-forschungsbericht\/download\/der-gute-hirte-1956-was-der-onkel-fritz-erfaehrt-2\/?wpdmdl=766&refresh=69f76fc423a551777823684\">Download<\/a>\n            <\/div>\n        <\/div>\n    <\/div>\n<\/div>\n\n<\/div><\/td>\n<\/tr>\n<tr class=\"row-6 even\">\n\t<td class=\"column-1\">Was der Onkel Fritz erf\u00e4hrt ... 3<\/td><td class=\"column-2\">15.06.1956<\/td><td class=\"column-3\"><div class='w3eden'><!-- WPDM Link Template: Default Template -->\n\n<div class=\"link-template-default card mb-2\">\n    <div class=\"card-body\">\n        <div class=\"media\">\n            <div class=\"mr-3 img-48\"><img decoding=\"async\" class=\"wpdm_icon\" alt=\"Icon\" src=\"https:\/\/naktalk.de\/nak-forschungsbericht\/wp-content\/plugins\/download-manager\/assets\/file-type-icons\/pdf.svg\" \/><\/div>\n            <div class=\"media-body\">\n                <h3 class=\"package-title\"><a href='https:\/\/naktalk.de\/nak-forschungsbericht\/download\/der-gute-hirte-1956-was-der-onkel-fritz-erfaehrt-3\/'>Der gute Hirte \u2013 1956 \u2013 Was der Onkel Fritz erf\u00e4hrt \u2026 3<\/a><\/h3>\n                <div class=\"text-muted text-small\"><i class=\"fas fa-copy\"><\/i> 1 Datei(en) <i class=\"fas fa-hdd ml-3\"><\/i> 88.85 KB<\/div>\n            <\/div>\n            <div class=\"ml-3\">\n                <a class='wpdm-download-link download-on-click btn btn-primary ' rel='nofollow' href='#' data-downloadurl=\"https:\/\/naktalk.de\/nak-forschungsbericht\/download\/der-gute-hirte-1956-was-der-onkel-fritz-erfaehrt-3\/?wpdmdl=769&refresh=69f76fc427b4c1777823684\">Download<\/a>\n            <\/div>\n        <\/div>\n    <\/div>\n<\/div>\n\n<\/div><\/td>\n<\/tr>\n<tr class=\"row-7 odd\">\n\t<td class=\"column-1\">Bist du neuapostolisch?<\/td><td class=\"column-2\">15.07.1956<\/td><td class=\"column-3\"><div class='w3eden'><!-- WPDM Link Template: Default Template -->\n\n<div class=\"link-template-default card mb-2\">\n    <div class=\"card-body\">\n        <div class=\"media\">\n            <div class=\"mr-3 img-48\"><img decoding=\"async\" class=\"wpdm_icon\" alt=\"Icon\" src=\"https:\/\/naktalk.de\/nak-forschungsbericht\/wp-content\/plugins\/download-manager\/assets\/file-type-icons\/pdf.svg\" \/><\/div>\n            <div class=\"media-body\">\n                <h3 class=\"package-title\"><a href='https:\/\/naktalk.de\/nak-forschungsbericht\/download\/der-gute-hirte-1956-bist-du-neuapostolisch\/'>Der gute Hirte - 1956 - Bist du neuapostolisch?<\/a><\/h3>\n                <div class=\"text-muted text-small\"><i class=\"fas fa-copy\"><\/i> 1 Datei(en) <i class=\"fas fa-hdd ml-3\"><\/i> 54.90 KB<\/div>\n            <\/div>\n            <div class=\"ml-3\">\n                <a class='wpdm-download-link download-on-click btn btn-primary ' rel='nofollow' href='#' data-downloadurl=\"https:\/\/naktalk.de\/nak-forschungsbericht\/download\/der-gute-hirte-1956-bist-du-neuapostolisch\/?wpdmdl=777&refresh=69f76fc42bc781777823684\">Download<\/a>\n            <\/div>\n        <\/div>\n    <\/div>\n<\/div>\n\n<\/div><\/td>\n<\/tr>\n<tr class=\"row-8 even\">\n\t<td class=\"column-1\">Was der Onkel Fritz erf\u00e4hrt ... 4<\/td><td class=\"column-2\">15.07.1956<\/td><td class=\"column-3\"><div class='w3eden'><!-- WPDM Link Template: Default Template -->\n\n<div class=\"link-template-default card mb-2\">\n    <div class=\"card-body\">\n        <div class=\"media\">\n            <div class=\"mr-3 img-48\"><img decoding=\"async\" class=\"wpdm_icon\" alt=\"Icon\" src=\"https:\/\/naktalk.de\/nak-forschungsbericht\/wp-content\/plugins\/download-manager\/assets\/file-type-icons\/pdf.svg\" \/><\/div>\n            <div class=\"media-body\">\n                <h3 class=\"package-title\"><a href='https:\/\/naktalk.de\/nak-forschungsbericht\/download\/der-gute-hirte-1956-was-der-onkel-fritz-erfaehrt-4\/'>Der gute Hirte \u2013 1956 \u2013 Was der Onkel Fritz erf\u00e4hrt \u2026 4<\/a><\/h3>\n                <div class=\"text-muted text-small\"><i class=\"fas fa-copy\"><\/i> 1 Datei(en) <i class=\"fas fa-hdd ml-3\"><\/i> 77.37 KB<\/div>\n            <\/div>\n            <div class=\"ml-3\">\n                <a class='wpdm-download-link download-on-click btn btn-primary ' rel='nofollow' href='#' data-downloadurl=\"https:\/\/naktalk.de\/nak-forschungsbericht\/download\/der-gute-hirte-1956-was-der-onkel-fritz-erfaehrt-4\/?wpdmdl=791&refresh=69f76fc42fbd41777823684\">Download<\/a>\n            <\/div>\n        <\/div>\n    <\/div>\n<\/div>\n\n<\/div><\/td>\n<\/tr>\n<\/tbody>\n<\/table>\n<!-- #tablepress-13 from cache -->\n","protected":false},"excerpt":{"rendered":"<p>Solange der wissenschaftliche Forschungsbericht \u00fcber die Ereignisse w\u00e4hrend und nach der Botschaft von Stammapostel J. G. Bischoff von der Kirchenleitung der NAK strengstens unter Verschluss gehalten wird, soll frei nach dem Motto: &#8222;Entdecke den Wissenschaftler in Dir!&#8220;, sich\u00a0jeder seinen eigenen Forschungsbericht erstellen k\u00f6nnen. Dazu werden hier nach und nach m\u00f6glichst viele originale Artikel der NAK, [&hellip;]<\/p>\n","protected":false},"author":1,"featured_media":0,"parent":70,"menu_order":0,"comment_status":"closed","ping_status":"open","template":"","meta":{"footnotes":""},"_links":{"self":[{"href":"https:\/\/naktalk.de\/nak-forschungsbericht\/wp-json\/wp\/v2\/pages\/715"}],"collection":[{"href":"https:\/\/naktalk.de\/nak-forschungsbericht\/wp-json\/wp\/v2\/pages"}],"about":[{"href":"https:\/\/naktalk.de\/nak-forschungsbericht\/wp-json\/wp\/v2\/types\/page"}],"author":[{"embeddable":true,"href":"https:\/\/naktalk.de\/nak-forschungsbericht\/wp-json\/wp\/v2\/users\/1"}],"replies":[{"embeddable":true,"href":"https:\/\/naktalk.de\/nak-forschungsbericht\/wp-json\/wp\/v2\/comments?post=715"}],"version-history":[{"count":26,"href":"https:\/\/naktalk.de\/nak-forschungsbericht\/wp-json\/wp\/v2\/pages\/715\/revisions"}],"predecessor-version":[{"id":759,"href":"https:\/\/naktalk.de\/nak-forschungsbericht\/wp-json\/wp\/v2\/pages\/715\/revisions\/759"}],"up":[{"embeddable":true,"href":"https:\/\/naktalk.de\/nak-forschungsbericht\/wp-json\/wp\/v2\/pages\/70"}],"wp:attachment":[{"href":"https:\/\/naktalk.de\/nak-forschungsbericht\/wp-json\/wp\/v2\/media?parent=715"}],"curies":[{"name":"wp","href":"https:\/\/api.w.org\/{rel}","templated":true}]}}