{"id":992,"date":"2018-06-18T16:25:07","date_gmt":"2018-06-18T14:25:07","guid":{"rendered":"https:\/\/naktalk.de\/nak-forschungsbericht\/?page_id=992"},"modified":"2018-06-21T20:11:26","modified_gmt":"2018-06-21T18:11:26","slug":"zeugnisse","status":"publish","type":"page","link":"https:\/\/naktalk.de\/nak-forschungsbericht\/zeugnisse\/","title":{"rendered":"Zeugnisse"},"content":{"rendered":"<div id=\"pl-992\"  class=\"panel-layout\" ><div id=\"pg-992-0\"  class=\"panel-grid panel-no-style\" ><div id=\"pgc-992-0-0\"  class=\"panel-grid-cell\" ><div id=\"panel-992-0-0-0\" class=\"so-panel widget widget_sow-editor panel-first-child panel-last-child\" data-index=\"0\" ><div\n\t\t\t\n\t\t\tclass=\"so-widget-sow-editor so-widget-sow-editor-base\"\n\t\t\t\n\t\t>\n<div class=\"siteorigin-widget-tinymce textwidget\">\n\t<h5 style=\"text-align: justify;\">Papa muss Farbe bekennen<\/h5>\n<p style=\"text-align: justify;\">Es ist schon eine Weile her als Hans sich um eine Ausbildungsstelle beworben hatte. Neben dem Bewerbungsschreiben sollte er sein Schulzeugnis einreichen. Jahre sp\u00e4ter, die Ausbildung war schon einige Zeit beendet, hat er sich bei einer neuen Firma um einen Arbeitsplatz beworben. Diesmal wollte der erhoffte neue Arbeitgeber neben seinem Schulzeugnis auch das Arbeitszeugnis seines vorherigen Arbeitgebers sehen.<\/p>\n<p style=\"text-align: justify;\">Man kann viel erz\u00e4hlen wenn der Tag lang ist - hei\u00dft es in einer gel\u00e4ufigen Redewendung. Zeugnisse geben konkrete Auskunft.<\/p>\n<p style=\"text-align: justify;\">Jahre sp\u00e4ter wurde Hans Vater. Er wollte sein Kind motivieren zu lernen damit es gute Noten schreibt. Da fragte ihn sein Kind einmal, ob er auch immer flei\u00dfig gelernt hat und somit gute Noten in der Schule bekommen hatte. Die Noten von Hans waren jedoch nicht so gut und so versuchte er auszuweichen. Einmal fragte ihn sein Kind nach seinen Zeugnissen. Da konnte er die Situatiion nicht mehr umschiffen oder gar sagen, er h\u00e4tte sie nicht mehr. Sein Kind anl\u00fcgen wollte er auf keine Fall. So holte er seine alten Zeugnisse aus einer Dokumentenmappe und zeigte sie seinem Kind. Beide sprachen dann \u00fcber Papas Schulzeit.<\/p>\n<h5 style=\"text-align: justify;\">Zeitzeugen auf Papier<\/h5>\n<p style=\"text-align: justify;\">In der Neuapostolischen Kirche (NAK) wurde Menschen schon viel Leid zugef\u00fcgt. Die Gr\u00fcnde und Ursachen m\u00f6gen unterschiedlicher Natur gewesen sein. Nicht alles kann heute konkret nachvollzogen werden. Dennoch ist ein offenes Bekenntnis zu vergangenen Verfehlungen f\u00fcr eine Kirche oder Gemeinschaft, welche sich auf Jesus den Christus beruft, unumg\u00e4nglich \u2013 ja Pflicht. Ebenso ist eine ehrliche Aufarbeitung obligatorisch. Die Kirchenleitung der NAK sieht das offensichtlich anders. Unangenehme Kirchengeschichte soll vertuscht, verheimlicht \u2013 am besten vergessen werden. Die neue Generation und die \u00d6ffentlchkeit soll in Unwissenheit gelassen werden. Es f\u00fchrt aber kein Weg daran vorbei Bescheid zu wissen, wenn man sich eine eigene Meinung \u00fcber die Neuapostolische Kirche bilden m\u00f6chte.<\/p>\n<h5 style=\"text-align: justify;\">Die zentralen NAK-Medien der Botschaftszeit<\/h5>\n<p style=\"text-align: justify;\">So treten in dieser Rubrik \"Zeugnisse\" unbestechliche Ausschnitte von \u00bbZeitzeugen auf Papier\u00ab in den Zeugenstand und geben sachliche Einblicke frei \u00fcber den publizistischen Geist der Kirchenleitung, welcher in der Zeit der Botschaft von Stammapostel J. G. Bischoff herrschte.<\/p>\n<p style=\"text-align: justify;\">\n<\/div>\n<\/div><\/div><\/div><div id=\"pgc-992-0-1\"  class=\"panel-grid-cell\" ><div id=\"panel-992-0-1-0\" class=\"so-panel widget widget_sow-image panel-first-child panel-last-child\" data-index=\"1\" ><div\n\t\t\t\n\t\t\tclass=\"so-widget-sow-image so-widget-sow-image-default-8b5b6f678277-992\"\n\t\t\t\n\t\t>\n<h3 class=\"widget-title\">Kirchenausschluss Bezirksapostel Peter Kuhlen<\/h3>\n<div class=\"sow-image-container\">\n\t\t<img loading=\"lazy\" decoding=\"async\" src=\"https:\/\/naktalk.de\/nak-forschungsbericht\/wp-content\/uploads\/2018\/06\/nak-amtsenthebung.jpg\" width=\"500\" height=\"600\" srcset=\"https:\/\/naktalk.de\/nak-forschungsbericht\/wp-content\/uploads\/2018\/06\/nak-amtsenthebung.jpg 500w, https:\/\/naktalk.de\/nak-forschungsbericht\/wp-content\/uploads\/2018\/06\/nak-amtsenthebung-250x300.jpg 250w\" sizes=\"(max-width: 500px) 100vw, 500px\" title=\"Kirchenausschluss Bezirksapostel Peter Kuhlen\" alt=\"NAK Amtsenthebung 1955 durch Stammapostel J. G. Bischoff\" \t\tclass=\"so-widget-image\"\/>\n\t<\/div>\n\n<\/div><\/div><\/div><\/div><\/div>","protected":false},"excerpt":{"rendered":"<p>Papa muss Farbe bekennen Es ist schon eine Weile her als Hans sich um eine Ausbildungsstelle beworben hatte. Neben dem Bewerbungsschreiben sollte er sein Schulzeugnis einreichen. Jahre sp\u00e4ter, die Ausbildung war schon einige Zeit beendet, hat er sich bei einer neuen Firma um einen Arbeitsplatz beworben. Diesmal wollte der erhoffte neue Arbeitgeber neben seinem Schulzeugnis [&hellip;]<\/p>\n","protected":false},"author":1,"featured_media":0,"parent":0,"menu_order":0,"comment_status":"closed","ping_status":"closed","template":"","meta":{"footnotes":""},"_links":{"self":[{"href":"https:\/\/naktalk.de\/nak-forschungsbericht\/wp-json\/wp\/v2\/pages\/992"}],"collection":[{"href":"https:\/\/naktalk.de\/nak-forschungsbericht\/wp-json\/wp\/v2\/pages"}],"about":[{"href":"https:\/\/naktalk.de\/nak-forschungsbericht\/wp-json\/wp\/v2\/types\/page"}],"author":[{"embeddable":true,"href":"https:\/\/naktalk.de\/nak-forschungsbericht\/wp-json\/wp\/v2\/users\/1"}],"replies":[{"embeddable":true,"href":"https:\/\/naktalk.de\/nak-forschungsbericht\/wp-json\/wp\/v2\/comments?post=992"}],"version-history":[{"count":14,"href":"https:\/\/naktalk.de\/nak-forschungsbericht\/wp-json\/wp\/v2\/pages\/992\/revisions"}],"predecessor-version":[{"id":1179,"href":"https:\/\/naktalk.de\/nak-forschungsbericht\/wp-json\/wp\/v2\/pages\/992\/revisions\/1179"}],"wp:attachment":[{"href":"https:\/\/naktalk.de\/nak-forschungsbericht\/wp-json\/wp\/v2\/media?parent=992"}],"curies":[{"name":"wp","href":"https:\/\/api.w.org\/{rel}","templated":true}]}}