{"id":995,"date":"2018-06-18T16:53:41","date_gmt":"2018-06-18T14:53:41","guid":{"rendered":"https:\/\/naktalk.de\/nak-forschungsbericht\/?page_id=995"},"modified":"2018-06-21T06:30:30","modified_gmt":"2018-06-21T04:30:30","slug":"der-jugendfreund","status":"publish","type":"page","link":"https:\/\/naktalk.de\/nak-forschungsbericht\/der-jugendfreund\/","title":{"rendered":"Zeugnisse aus \u00bbDer Jugendfreund\u00ab"},"content":{"rendered":"<div id=\"pl-995\"  class=\"panel-layout\" ><div id=\"pg-995-0\"  class=\"panel-grid panel-no-style\" ><div id=\"pgc-995-0-0\"  class=\"panel-grid-cell\" ><div id=\"panel-995-0-0-0\" class=\"so-panel widget widget_sow-editor panel-first-child panel-last-child\" data-index=\"0\" ><div\n\t\t\t\n\t\t\tclass=\"so-widget-sow-editor so-widget-sow-editor-base\"\n\t\t\t\n\t\t>\n<div class=\"siteorigin-widget-tinymce textwidget\">\n\t<div class=\"strong-view strong-view-id-1 default wpmtst-default strong-pager\" data-count=15 data-pager-var=strong_pager_id_1 data-state=idle><div class=\"strong-content strong-paginated strong-columns columns-2\"><div class=\"wpmtst-testimonial testimonial post-1211\"><div class=\"wpmtst-testimonial-inner testimonial-inner\"><h3 class=\"wpmtst-testimonial-heading testimonial-heading\">&#8222;Wer mir folgen will &#8230;&#8220;<\/h3><div    class=\"wpmtst-testimonial-content testimonial-content\"><div class=\"maybe-clear\"><\/div><p>Eine Nachfolge Christi ist nicht denkbar, wenn wir nicht mit den Aposteln dem Stammapostel nachfolgen wollen. Ohne eine solche Nachfolge kommen wir ganz einfach nicht dorthin, wo der Herr ist und wo er die Seinen erwartet, n\u00e4mlich in den Seelenzustand, in das Verlangen, in die Reife und die Vollendung die wir an seinem Tage n\u00f6tig haben!<\/p><\/div><div class=\"wpmtst-testimonial-field testimonial-field testimonial-name\">Herausgeber: J. G. Bischoff<\/div><div class=\"wpmtst-testimonial-field testimonial-field testimonial-company\">Der Jugendfreund, 1. Juli 1958, Seite 52<\/div><div class=\"clear\"><\/div><\/div><\/div><div class=\"wpmtst-testimonial testimonial post-1210\"><div class=\"wpmtst-testimonial-inner testimonial-inner\"><h3 class=\"wpmtst-testimonial-heading testimonial-heading\">Bist du doch unser Vater!<\/h3><div    class=\"wpmtst-testimonial-content testimonial-content\"><div class=\"maybe-clear\"><\/div><p>Woher w\u00fc\u00dften wir bei all dem, was wir in der Welt beobachten, da\u00df die Stunde nahe ist, in der der Herr die Seinen zu sich nehmen wird, wenn wir nicht aus dem Munde des Stammapostels die Zusicherung h\u00e4tten: <em>der Herr kommt in der Zeit meines Lebens!<\/em> H\u00e4tte der Stammapostel nicht im kindlichen Glauben zu seinem Sender gestanden und in bedingungsloser Nachfolge gesucht, seines Glaubens zu leben, so h\u00e4tte sich Jesus seiner auch nicht als Werkzeug seines Willens bedienen k\u00f6nnen.<\/p><\/div><div class=\"wpmtst-testimonial-field testimonial-field testimonial-name\">Herausgeber: J. G. Bischoff<\/div><div class=\"wpmtst-testimonial-field testimonial-field testimonial-company\">Der Jugendfreund, 1. April 1958, Seite 30<\/div><div class=\"clear\"><\/div><\/div><\/div><div class=\"wpmtst-testimonial testimonial post-1209\"><div class=\"wpmtst-testimonial-inner testimonial-inner\"><h3 class=\"wpmtst-testimonial-heading testimonial-heading\">Unbedingte Wahrheit<\/h3><div    class=\"wpmtst-testimonial-content testimonial-content\"><div class=\"maybe-clear\"><\/div><p>Alles, was heute gegen das Werk Gottes, gegen den Stammapostel und seine Mitarbeiter vorgebracht wird, ist nicht aus der Wahrheit.<\/p><\/div><div class=\"wpmtst-testimonial-field testimonial-field testimonial-name\">Bezirksapostel Friedrich Bischoff<\/div><div class=\"wpmtst-testimonial-field testimonial-field testimonial-company\">Der Jugendfreund, 1. April 1958, Seite 28<\/div><div class=\"clear\"><\/div><\/div><\/div><div class=\"wpmtst-testimonial testimonial post-1208\"><div class=\"wpmtst-testimonial-inner testimonial-inner\"><h3 class=\"wpmtst-testimonial-heading testimonial-heading\">Der Stammapostel spricht zur Jugend<\/h3><div    class=\"wpmtst-testimonial-content testimonial-content\"><div class=\"maybe-clear\"><\/div><p>Der Stammapostel ist dem Herrn bis heute sechzig Jahre nachgefolgt! Daraus ergibt sich auch das gro\u00dfe Vertrauen, das der Herr unserem Stammapostel geschenkt hat. Und weil er dieses gro\u00dfe Vertrauen zu ihm hat, konnte er ihm auch sagen, da\u00df er zu seiner Lebenszeit kommen werde. [&#8230;] Wir geloben unserem Stammapostel, da\u00df wir ihm auch weiterhin in der Treue folgen wollen \u2014 unentwegt! Wir sehen nicht nach rechts, wir sehen nicht nach links, wir folgen dem Stammapostel nach, bis der Tag des Herrn erreicht ist und er dann die Getreuen dem Sohne Gottes \u00fcbergibt.<\/p><\/div><div class=\"wpmtst-testimonial-field testimonial-field testimonial-name\">Apostel Walter Schmidt<\/div><div class=\"wpmtst-testimonial-field testimonial-field testimonial-company\">Der Jugendfreund, 1. Februar 1958, Seite 15<\/div><div class=\"clear\"><\/div><\/div><\/div><div class=\"wpmtst-testimonial testimonial post-1207\"><div class=\"wpmtst-testimonial-inner testimonial-inner\"><h3 class=\"wpmtst-testimonial-heading testimonial-heading\">Der Stammapostel spricht zur Jugend<\/h3><div    class=\"wpmtst-testimonial-content testimonial-content\"><div class=\"maybe-clear\"><\/div><p>Es ist au\u00dfer allem Zweifel, da\u00df der Sohn Gottes in unserer Zeit als Vollender seines Werkes in Erscheinung getreten ist und durch seine Wiederkunft diese Vollendungsarbeit abschlie\u00dfen wird.<\/p><\/div><div class=\"wpmtst-testimonial-field testimonial-field testimonial-name\">Stammapostel J. G. Bischoff<\/div><div class=\"wpmtst-testimonial-field testimonial-field testimonial-company\">Der Jugendfreund, 1. Januar 1958, Seite 5<\/div><div class=\"clear\"><\/div><\/div><\/div><div class=\"wpmtst-testimonial testimonial post-1196\"><div class=\"wpmtst-testimonial-inner testimonial-inner\"><h3 class=\"wpmtst-testimonial-heading testimonial-heading\">Wertvolle Worte unseres Stammapostels:<\/h3><div    class=\"wpmtst-testimonial-content testimonial-content\"><div class=\"maybe-clear\"><\/div><p>&#8222;Es kann nichts Schlimmeres geben, als wenn ein Gotteskind den Glauben an die g\u00f6ttlichen Offenbarungen verliert.&#8220;<\/p><\/div><div class=\"wpmtst-testimonial-field testimonial-field testimonial-name\">Herausgeber: J. G. Bischoff<\/div><div class=\"wpmtst-testimonial-field testimonial-field testimonial-company\">Der Jugendfreund, 1. Februar 1956, Seite 16<\/div><div class=\"clear\"><\/div><\/div><\/div><div class=\"wpmtst-testimonial testimonial post-1195\"><div class=\"wpmtst-testimonial-inner testimonial-inner\"><h3 class=\"wpmtst-testimonial-heading testimonial-heading\">Zum 2. Januar 1956<\/h3><div    class=\"wpmtst-testimonial-content testimonial-content\"><div class=\"maybe-clear\"><\/div><p>Unsere Gebete sind voll inniger Dankbarkeit, wenn wir heute vor unseren himmlischen Vater treten und des Stammapostels gedenken, der an diesem Tag sein 85. Lebensjahr vollendet.<\/p><p>Es ist uns verwehrt, in den armen Worten unserer menschlichen Sprache ganz wiederzugeben, was wir f\u00fcr ihn empfinden. Er ist der Mann Gottes unserer Zeit, der Gesalbte des Herrn. Ehrf\u00fcrchtig schauen wir zu ihm auf, und in kindlichem Vertrauen haben wir unser ewiges Geschick in seine H\u00e4nde gelegt. Er ist menschlischem Ma\u00df und Urteil entwachsen, denn der Herr hat ihn wissen lassen, da\u00df er in der Zeit seines Lebens wiederkommen wird, um die Schar der Erstlinge und Ueberwinder heimzuf\u00fchren. An ihm erf\u00fcllt sich, was der Psalmist sagt: &#8222;Ich werde nicht sterben, sondern leben und des Herrn Werke verk\u00fcndigen!&#8220; (Psalm 118, 17) &#8230;<\/p><\/div><div class=\"wpmtst-testimonial-field testimonial-field testimonial-name\">Herausgeber: J. G. Bischoff<\/div><div class=\"wpmtst-testimonial-field testimonial-field testimonial-company\">Der Jugendfreund, 1. Januar 1956, Seite 8<\/div><div class=\"clear\"><\/div><\/div><\/div><div class=\"wpmtst-testimonial testimonial post-1194\"><div class=\"wpmtst-testimonial-inner testimonial-inner\"><h3 class=\"wpmtst-testimonial-heading testimonial-heading\">Die verborgene Weisheit Gottes<\/h3><div    class=\"wpmtst-testimonial-content testimonial-content\"><div class=\"maybe-clear\"><\/div><p>Ihr lieben, jungen Geschwister, uns sind die Augen ge\u00f6ffnet f\u00fcr die Weg des Herrn, wir kennen die M\u00e4nner, durch die er uns in seine Geheimnisse, in seinen g\u00f6ttlichen Ratschlu\u00df einf\u00fchrt, durch die wir zur Gnade gekommen sind und seinen Geist empfangen haben \u2014 wie stehen wir zu dem Wort des Stammapostels, das die Wiederkunft Christi f\u00fcr unsere Tage verhei\u00dft? [&#8230;] Wenn wir zu unserem Stammapostel aufschauen, so wissen wir: Unter uns steht der Mann Gottes, der den Auftrag hat, das k\u00f6nigliche Priestertum zu vollenden und uns auf den Tag des Herrn zu bereiten. In dieser Erkenntnis wollen wir unsere Tage durchleben und alle seine Worte wie einen k\u00f6stlichen Schatz bewahren.<\/p><\/div><div class=\"wpmtst-testimonial-field testimonial-field testimonial-name\">Herausgeber: J. G. Bischoff<\/div><div class=\"wpmtst-testimonial-field testimonial-field testimonial-company\">Der Jugendfreund, 1. Januar 1956, Seite 7-8<\/div><div class=\"clear\"><\/div><\/div><\/div><div class=\"wpmtst-testimonial testimonial post-1193\"><div class=\"wpmtst-testimonial-inner testimonial-inner\"><h3 class=\"wpmtst-testimonial-heading testimonial-heading\">Unser Weg<\/h3><div    class=\"wpmtst-testimonial-content testimonial-content\"><div class=\"maybe-clear\"><\/div><p>Der Tag des Herrn ist nahe und wir wollen bei denen sein, die verwandelt werden. In unserer Mitte ist der Stammapostel, der Mann Gottes unserer Zeit. Der Herr hat ihm die Zusage gegeben, da\u00df er in der Zeit seines Lebens kommen wird, um ihn und alle, die eins mit ihm sind, zu sich in die ewige Herrlichkeit zu nehmen. Damit wissen wir, da\u00df er das Ziel erreichen wird, das auch wir anstreben.<\/p><\/div><div class=\"wpmtst-testimonial-field testimonial-field testimonial-name\">Herausgeber: J. G. Bischoff<\/div><div class=\"wpmtst-testimonial-field testimonial-field testimonial-company\">Der Jugendfreund, 1. Januar 1956, Seite 5<\/div><div class=\"clear\"><\/div><\/div><\/div><div class=\"wpmtst-testimonial testimonial post-1192\"><div class=\"wpmtst-testimonial-inner testimonial-inner\"><h3 class=\"wpmtst-testimonial-heading testimonial-heading\">Zum neuen Jahr<\/h3><div    class=\"wpmtst-testimonial-content testimonial-content\"><div class=\"maybe-clear\"><\/div><p>Wir kennen den Willen Gottes und sind nicht immer imstande, danach zu handeln; wie sollten wir bestehen k\u00f6nnen, wenn wir die Wege der Welt wandelten? Darum entspringt unser Vertrauen zu den Boten des Herrn einem echten inneren Bed\u00fcrfnis, wir haben sie lieb und folgen ihnen nach. Durch sie erf\u00fcllt der Herr seinen Ratschlu\u00df. In Ehrfurcht, Liebe und Vertrauen schlagen ihnen und vor allem dem Stammapostel unsere Herzen entgegen, denn wir wissen, da\u00df wir an seiner Hand die herrlichste Verhei\u00dfung durchleben werden, die den Kindern Gottes je gegeben worden ist. Sein Glaube ist zum Schauen geworden, als ihn der Sohn Gottes wissen lie\u00df, da\u00df er noch in der Zeit seines Lebens wiederkommen werde, um alle, die eins mit ihm sind, heimzuholen ins Vaterhaus.<\/p><\/div><div class=\"wpmtst-testimonial-field testimonial-field testimonial-name\">Herausgeber: J. G. Bischoff<\/div><div class=\"wpmtst-testimonial-field testimonial-field testimonial-company\">Der Jugendfreund, 1. Januar 1956, Seite 3<\/div><div class=\"clear\"><\/div><\/div><\/div><div class=\"wpmtst-testimonial testimonial post-1030\"><div class=\"wpmtst-testimonial-inner testimonial-inner\"><h3 class=\"wpmtst-testimonial-heading testimonial-heading\">Verhei\u00dfung und Erf\u00fcllung<\/h3><div    class=\"wpmtst-testimonial-content testimonial-content\"><div class=\"maybe-clear\"><\/div><p>Der Geist des Herrn hat durch das Wort des Stammapostels und der ihm verbundenen Apostel gleich einem Schwur verk\u00fcndigt, da\u00df durch sein Wirken das k\u00f6nigliche Priestertum, die Braut des Lammes zubereitet und da\u00df diese Zubereitung durch die Wiederkunft des Herrn abgeschlossen wird. Danach wird keine Zeit sein, in welcher das w\u00e4hrend dieser gnadenreichen Heimsuchung Vers\u00e4umte nachgeholt werden k\u00f6nnte.<\/p><p>Christus selbst hat nun den Abschlu\u00df dieser Wirksamkeit angezeigt. Er hat seinen treuen Knecht, den Stammapostel wissen lassen, da\u00df noch zu seiner Lebenszeit die Heimholung der Brautseelen erfolgen wird. Diese Botschaft verk\u00fcndigt der Stammapostel und mit ihm der ihm verbundene Amtsk\u00f6rper als einen Schwur bei dem Lebendigen, der ihm diesen Auftrag gegeben hat. Damit ist die Verk\u00fcndigung des Engels in das letzte Stadium getreten.<\/p><\/div><div class=\"wpmtst-testimonial-field testimonial-field testimonial-name\">Herausgeber: J. G. Bischoff<\/div><div class=\"wpmtst-testimonial-field testimonial-field testimonial-company\">Der Jugendfreund, 1. Juni 1955, Seite 43<\/div><div class=\"clear\"><\/div><\/div><\/div><div class=\"wpmtst-testimonial testimonial post-1029\"><div class=\"wpmtst-testimonial-inner testimonial-inner\"><h3 class=\"wpmtst-testimonial-heading testimonial-heading\">Der letzte Schritt<\/h3><div    class=\"wpmtst-testimonial-content testimonial-content\"><div class=\"maybe-clear\"><\/div><p>Ihr lieben jungen Geschwister, ihr wi\u00dft alle, da\u00df der Herr dem Stammapostel mitgeteilt hat, da\u00df er zu unserer Lebenszeit kommt, und das ist heute der Punkt, um den sich alles dreht. [&#8230;] Wenn diese Nachricht aus menschlichem Geiste geboren w\u00e4re, dann w\u00e4re es verst\u00e4ndlich, da\u00df man in eine solche Botschaft Zweifel setzen k\u00f6nnte. Aber bei dem, was vom Geist des Herrn ist, gibt es kein Wenn und kein Aber; das erf\u00fcllt sich.<\/p><\/div><div class=\"wpmtst-testimonial-field testimonial-field testimonial-name\">Herausgeber: J. G. Bischoff<\/div><div class=\"wpmtst-testimonial-field testimonial-field testimonial-company\">Der Jugendfreund, 1. Oktober 1954, Seite 78<\/div><div class=\"clear\"><\/div><\/div><\/div><div class=\"wpmtst-testimonial testimonial post-1028\"><div class=\"wpmtst-testimonial-inner testimonial-inner\"><h3 class=\"wpmtst-testimonial-heading testimonial-heading\">In der Stunde der Entscheidung<\/h3><div    class=\"wpmtst-testimonial-content testimonial-content\"><div class=\"maybe-clear\"><\/div><p>Seitdem wir aber erfahren haben, da\u00df der Herr zu unserer Lebzeit kommt, haben alle menschlichen Erw\u00e4gungen zu schweigen, denn nun hat der Herr gesprochen.<\/p><\/div><div class=\"wpmtst-testimonial-field testimonial-field testimonial-name\">Herausgeber: J. G. Bischoff<\/div><div class=\"wpmtst-testimonial-field testimonial-field testimonial-company\">Der Jugendfreund, 1. Oktober 1954, Seite 75<\/div><div class=\"clear\"><\/div><\/div><\/div><div class=\"wpmtst-testimonial testimonial post-1009\"><div class=\"wpmtst-testimonial-inner testimonial-inner\"><h3 class=\"wpmtst-testimonial-heading testimonial-heading\">Wir und die Welt<\/h3><div    class=\"wpmtst-testimonial-content testimonial-content\"><div class=\"maybe-clear\"><\/div><p>Der Herr hat uns durch die Bedienung aus seinem Geist den g\u00f6ttlichen Ratschlu\u00df in einer Weise er\u00f6ffnet, da\u00df es f\u00fcr uns keine Geheimnisse im Erl\u00f6sungswerk mehr gibt.<\/p><\/div><div class=\"wpmtst-testimonial-field testimonial-field testimonial-name\">Herausgeber: J. G. Bischoff<\/div><div class=\"wpmtst-testimonial-field testimonial-field testimonial-company\">Der Jugendfreund, 1. Januar 1957, Seite 8<\/div><div class=\"clear\"><\/div><\/div><\/div><div class=\"wpmtst-testimonial testimonial post-991\"><div class=\"wpmtst-testimonial-inner testimonial-inner\"><h3 class=\"wpmtst-testimonial-heading testimonial-heading\">Wer wird das Ziel erreichen?<\/h3><div    class=\"wpmtst-testimonial-content testimonial-content\"><div class=\"maybe-clear\"><\/div><p>Darum richten sich auch die Apostel nach dem Stammapostel und nicht etwa der Stammapostel nach den Aposteln, denn die Apostel haben ja den Stammapostel nicht gesandt, sondern sie haben durch den Stammapostel Amt und Auftrag empfangen. Wer dieser Ordnung widersteht, mu\u00df erkennen, da\u00df der Herr seine H\u00e4nde von ihm abzieht und ihm seinen Segen versagt.<\/p><\/div><div class=\"wpmtst-testimonial-field testimonial-field testimonial-name\">Herausgeber: J. G. Bischoff<\/div><div class=\"wpmtst-testimonial-field testimonial-field testimonial-company\">Der Jugendfreund, 1. Januar 1957, Seite 7<\/div><div class=\"clear\"><\/div><\/div><\/div><\/div><\/div>\n<\/div>\n<\/div><\/div><\/div><\/div><\/div>","protected":false},"excerpt":{"rendered":"<p>&#8222;Wer mir folgen will &#8230;&#8220;Eine Nachfolge Christi ist nicht denkbar, wenn wir nicht mit den Aposteln dem Stammapostel nachfolgen wollen. Ohne eine solche Nachfolge kommen wir ganz einfach nicht dorthin, wo der Herr ist und wo er die Seinen erwartet, n\u00e4mlich in den Seelenzustand, in das Verlangen, in die Reife und die Vollendung die wir [&hellip;]<\/p>\n","protected":false},"author":1,"featured_media":0,"parent":0,"menu_order":0,"comment_status":"closed","ping_status":"closed","template":"","meta":{"footnotes":""},"_links":{"self":[{"href":"https:\/\/naktalk.de\/nak-forschungsbericht\/wp-json\/wp\/v2\/pages\/995"}],"collection":[{"href":"https:\/\/naktalk.de\/nak-forschungsbericht\/wp-json\/wp\/v2\/pages"}],"about":[{"href":"https:\/\/naktalk.de\/nak-forschungsbericht\/wp-json\/wp\/v2\/types\/page"}],"author":[{"embeddable":true,"href":"https:\/\/naktalk.de\/nak-forschungsbericht\/wp-json\/wp\/v2\/users\/1"}],"replies":[{"embeddable":true,"href":"https:\/\/naktalk.de\/nak-forschungsbericht\/wp-json\/wp\/v2\/comments?post=995"}],"version-history":[{"count":6,"href":"https:\/\/naktalk.de\/nak-forschungsbericht\/wp-json\/wp\/v2\/pages\/995\/revisions"}],"predecessor-version":[{"id":1159,"href":"https:\/\/naktalk.de\/nak-forschungsbericht\/wp-json\/wp\/v2\/pages\/995\/revisions\/1159"}],"wp:attachment":[{"href":"https:\/\/naktalk.de\/nak-forschungsbericht\/wp-json\/wp\/v2\/media?parent=995"}],"curies":[{"name":"wp","href":"https:\/\/api.w.org\/{rel}","templated":true}]}}